{"id":2150,"date":"2023-12-07T23:37:01","date_gmt":"2023-12-07T23:37:01","guid":{"rendered":"https:\/\/geotyc.com\/?page_id=2150"},"modified":"2025-06-10T15:14:00","modified_gmt":"2025-06-10T15:14:00","slug":"blog","status":"publish","type":"page","link":"https:\/\/geotyc.com\/index.php\/blog\/","title":{"rendered":"Blog"},"content":{"rendered":"\t\t<div data-elementor-type=\"wp-page\" data-elementor-id=\"2150\" class=\"elementor elementor-2150\">\n\t\t\t\t<div class=\"elementor-element elementor-element-d8a6066 e-flex e-con-boxed e-con e-parent\" data-id=\"d8a6066\" data-element_type=\"container\" data-settings=\"{&quot;background_background&quot;:&quot;gradient&quot;,&quot;shape_divider_top&quot;:&quot;opacity-tilt&quot;,&quot;shape_divider_bottom&quot;:&quot;opacity-tilt&quot;,&quot;animation&quot;:&quot;none&quot;}\">\n\t\t\t\t\t<div class=\"e-con-inner\">\n\t\t\t\t<div class=\"elementor-shape elementor-shape-top\" data-negative=\"false\">\n\t\t\t<svg xmlns=\"http:\/\/www.w3.org\/2000\/svg\" viewBox=\"0 0 2600 131.1\" preserveAspectRatio=\"none\">\n\t<path class=\"elementor-shape-fill\" d=\"M0 0L2600 0 2600 69.1 0 0z\"\/>\n\t<path class=\"elementor-shape-fill\" style=\"opacity:0.5\" d=\"M0 0L2600 0 2600 69.1 0 69.1z\"\/>\n\t<path class=\"elementor-shape-fill\" style=\"opacity:0.25\" d=\"M2600 0L0 0 0 130.1 2600 69.1z\"\/>\n<\/svg>\t\t<\/div>\n\t\t\t\t<div class=\"elementor-shape elementor-shape-bottom\" data-negative=\"false\">\n\t\t\t<svg xmlns=\"http:\/\/www.w3.org\/2000\/svg\" viewBox=\"0 0 2600 131.1\" preserveAspectRatio=\"none\">\n\t<path class=\"elementor-shape-fill\" d=\"M0 0L2600 0 2600 69.1 0 0z\"\/>\n\t<path class=\"elementor-shape-fill\" style=\"opacity:0.5\" d=\"M0 0L2600 0 2600 69.1 0 69.1z\"\/>\n\t<path class=\"elementor-shape-fill\" style=\"opacity:0.25\" d=\"M2600 0L0 0 0 130.1 2600 69.1z\"\/>\n<\/svg>\t\t<\/div>\n\t\t\t\t<div class=\"elementor-element elementor-element-9f72450 elementor-widget elementor-widget-heading\" data-id=\"9f72450\" data-element_type=\"widget\" data-widget_type=\"heading.default\">\n\t\t\t\t<div class=\"elementor-widget-container\">\n\t\t\t<style>\/*! elementor - v3.21.0 - 22-05-2024 *\/\n.elementor-heading-title{padding:0;margin:0;line-height:1}.elementor-widget-heading .elementor-heading-title[class*=elementor-size-]>a{color:inherit;font-size:inherit;line-height:inherit}.elementor-widget-heading .elementor-heading-title.elementor-size-small{font-size:15px}.elementor-widget-heading .elementor-heading-title.elementor-size-medium{font-size:19px}.elementor-widget-heading .elementor-heading-title.elementor-size-large{font-size:29px}.elementor-widget-heading .elementor-heading-title.elementor-size-xl{font-size:39px}.elementor-widget-heading .elementor-heading-title.elementor-size-xxl{font-size:59px}<\/style><h1 class=\"elementor-heading-title elementor-size-default\">Blog<\/h1>\t\t<\/div>\n\t\t\t\t<\/div>\n\t\t\t\t\t<\/div>\n\t\t\t\t<\/div>\n\t\t<div class=\"elementor-element elementor-element-6a43351 e-flex e-con-boxed e-con e-parent\" data-id=\"6a43351\" data-element_type=\"container\">\n\t\t\t\t\t<div class=\"e-con-inner\">\n\t\t\t\t<div class=\"elementor-element elementor-element-2dfb726 elementor-grid-eael-col-3 elementor-grid-tablet-eael-col-2 elementor-grid-mobile-eael-col-1 elementor-widget elementor-widget-eael-post-grid\" data-id=\"2dfb726\" data-element_type=\"widget\" data-settings=\"{&quot;eael_post_grid_columns&quot;:&quot;eael-col-3&quot;,&quot;eael_post_grid_columns_tablet&quot;:&quot;eael-col-2&quot;,&quot;eael_post_grid_columns_mobile&quot;:&quot;eael-col-1&quot;}\" data-widget_type=\"eael-post-grid.default\">\n\t\t\t\t<div class=\"elementor-widget-container\">\n\t\t\t<div id=\"eael-post-grid-2dfb726\" class=\"eael-post-grid-container\">\n            <div class=\"eael-post-grid eael-post-appender eael-post-appender-2dfb726 eael-post-grid-style-one\" data-layout-mode=\"grid\"><article class=\"eael-grid-post  eael-post-grid-column eael-pg-post-2242 category-sin-categoria\" data-id=\"2242\">\n        <div class=\"eael-grid-post-holder\">\n            <div class=\"eael-grid-post-holder-inner\"><div class=\"eael-entry-media\"><div class=\"eael-entry-overlay none\"><i class=\"fas fa-long-arrow-alt-right\" aria-hidden=\"true\"><\/i><a href=\"https:\/\/geotyc.com\/index.php\/2024\/01\/02\/analisis-de-estabilidad-de-taludes-un-abordaje-exhaustivo-para-la-seguridad-en-proyectos-de-ingenieria-civil\/\"><\/a><\/div><div class=\"eael-entry-thumbnail eael-image-ratio\">\n                <img fetchpriority=\"high\" decoding=\"async\" width=\"1200\" height=\"1600\" src=\"https:\/\/i0.wp.com\/geotyc.com\/wp-content\/uploads\/2024\/01\/Imagen-de-WhatsApp-2024-01-02-a-las-09.10.04_bffe4947.jpg?fit=1200%2C1600&amp;ssl=1\" class=\"attachment-2048x2048 size-2048x2048 wp-image-2243\" alt=\"\" srcset=\"https:\/\/i0.wp.com\/geotyc.com\/wp-content\/uploads\/2024\/01\/Imagen-de-WhatsApp-2024-01-02-a-las-09.10.04_bffe4947.jpg?w=1200&amp;ssl=1 1200w, https:\/\/i0.wp.com\/geotyc.com\/wp-content\/uploads\/2024\/01\/Imagen-de-WhatsApp-2024-01-02-a-las-09.10.04_bffe4947.jpg?resize=225%2C300&amp;ssl=1 225w, https:\/\/i0.wp.com\/geotyc.com\/wp-content\/uploads\/2024\/01\/Imagen-de-WhatsApp-2024-01-02-a-las-09.10.04_bffe4947.jpg?resize=768%2C1024&amp;ssl=1 768w, https:\/\/i0.wp.com\/geotyc.com\/wp-content\/uploads\/2024\/01\/Imagen-de-WhatsApp-2024-01-02-a-las-09.10.04_bffe4947.jpg?resize=1152%2C1536&amp;ssl=1 1152w\" sizes=\"(max-width: 1000px) 100vw, 1000px\" \/>\n            <\/div>\n        <\/div><div class=\"eael-entry-wrapper\"><header class=\"eael-entry-header\"><h2 class=\"eael-entry-title\"><a class=\"eael-grid-post-link\" href=\"https:\/\/geotyc.com\/index.php\/2024\/01\/02\/analisis-de-estabilidad-de-taludes-un-abordaje-exhaustivo-para-la-seguridad-en-proyectos-de-ingenieria-civil\/\" title=\"An\u00e1lisis de Estabilidad de Taludes: Un Abordaje Exhaustivo para la Seguridad en Proyectos de Ingenier\u00eda Civil\">An\u00e1lisis de Estabilidad de Taludes: Un Abordaje Exhaustivo para la Seguridad en Proyectos de Ingenier\u00eda Civil<\/a><\/h2><\/header><div class=\"eael-entry-content\">\n                        <div class=\"eael-grid-post-excerpt\"><p>An\u00e1lisis de estabilidad de taludes: clave para seguridad y eficiencia...<\/p><a href=\"https:\/\/geotyc.com\/index.php\/2024\/01\/02\/analisis-de-estabilidad-de-taludes-un-abordaje-exhaustivo-para-la-seguridad-en-proyectos-de-ingenieria-civil\/\" class=\"eael-post-elements-readmore-btn\">Leer m\u00e1s<\/a><\/div>\n                    <\/div><\/div><\/div>\n        <\/div>\n    <\/article><article class=\"eael-grid-post  eael-post-grid-column eael-pg-post-2175 category-sin-categoria\" data-id=\"2175\">\n        <div class=\"eael-grid-post-holder\">\n            <div class=\"eael-grid-post-holder-inner\"><div class=\"eael-entry-media\"><div class=\"eael-entry-overlay none\"><i class=\"fas fa-long-arrow-alt-right\" aria-hidden=\"true\"><\/i><a href=\"https:\/\/geotyc.com\/index.php\/2023\/12\/08\/que-son-los-estudios-de-suelos-y-para-que-sirven\/\"><\/a><\/div><div class=\"eael-entry-thumbnail eael-image-ratio\">\n                <img decoding=\"async\" width=\"1020\" height=\"1280\" src=\"https:\/\/i0.wp.com\/geotyc.com\/wp-content\/uploads\/2023\/06\/5.jpg?fit=1020%2C1280&amp;ssl=1\" class=\"attachment-2048x2048 size-2048x2048 wp-image-635\" alt=\"\" srcset=\"https:\/\/i0.wp.com\/geotyc.com\/wp-content\/uploads\/2023\/06\/5.jpg?w=1020&amp;ssl=1 1020w, https:\/\/i0.wp.com\/geotyc.com\/wp-content\/uploads\/2023\/06\/5.jpg?resize=239%2C300&amp;ssl=1 239w, https:\/\/i0.wp.com\/geotyc.com\/wp-content\/uploads\/2023\/06\/5.jpg?resize=816%2C1024&amp;ssl=1 816w, https:\/\/i0.wp.com\/geotyc.com\/wp-content\/uploads\/2023\/06\/5.jpg?resize=768%2C964&amp;ssl=1 768w\" sizes=\"(max-width: 1000px) 100vw, 1000px\" \/>\n            <\/div>\n        <\/div><div class=\"eael-entry-wrapper\"><header class=\"eael-entry-header\"><h2 class=\"eael-entry-title\"><a class=\"eael-grid-post-link\" href=\"https:\/\/geotyc.com\/index.php\/2023\/12\/08\/que-son-los-estudios-de-suelos-y-para-que-sirven\/\" title=\"\u00bfQu\u00e9 son los estudios de suelos y para qu\u00e9 sirven?\">\u00bfQu\u00e9 son los estudios de suelos y para qu\u00e9 sirven?<\/a><\/h2><\/header><div class=\"eael-entry-content\">\n                        <div class=\"eael-grid-post-excerpt\"><p>Los estudios de suelos o estudios geot\u00e9cnicos son investigaciones que...<\/p><a href=\"https:\/\/geotyc.com\/index.php\/2023\/12\/08\/que-son-los-estudios-de-suelos-y-para-que-sirven\/\" class=\"eael-post-elements-readmore-btn\">Leer m\u00e1s<\/a><\/div>\n                    <\/div><\/div><\/div>\n        <\/div>\n    <\/article><article class=\"eael-grid-post  eael-post-grid-column eael-pg-post-2161 category-sin-categoria\" data-id=\"2161\">\n        <div class=\"eael-grid-post-holder\">\n            <div class=\"eael-grid-post-holder-inner\"><div class=\"eael-entry-media\"><div class=\"eael-entry-overlay none\"><i class=\"fas fa-long-arrow-alt-right\" aria-hidden=\"true\"><\/i><a href=\"https:\/\/geotyc.com\/index.php\/2023\/12\/08\/que-es-una-maquina-saca-nucleos-y-para-que-sirve\/\"><\/a><\/div><div class=\"eael-entry-thumbnail eael-image-ratio\">\n                <img decoding=\"async\" width=\"330\" height=\"543\" src=\"https:\/\/i0.wp.com\/geotyc.com\/wp-content\/uploads\/2023\/11\/Screenshot-2023-11-28-at-17-44-00-Estudios-de-suelos-T-C-@estudios_de_suelo_tyc-\u2022-Fotos-y-videos-de-Instagram-e1701215161686.png?fit=330%2C543&amp;ssl=1\" class=\"attachment-2048x2048 size-2048x2048 wp-image-2142\" alt=\"\" srcset=\"https:\/\/i0.wp.com\/geotyc.com\/wp-content\/uploads\/2023\/11\/Screenshot-2023-11-28-at-17-44-00-Estudios-de-suelos-T-C-@estudios_de_suelo_tyc-\u2022-Fotos-y-videos-de-Instagram-e1701215161686.png?w=330&amp;ssl=1 330w, https:\/\/i0.wp.com\/geotyc.com\/wp-content\/uploads\/2023\/11\/Screenshot-2023-11-28-at-17-44-00-Estudios-de-suelos-T-C-@estudios_de_suelo_tyc-\u2022-Fotos-y-videos-de-Instagram-e1701215161686.png?resize=182%2C300&amp;ssl=1 182w\" sizes=\"(max-width: 330px) 100vw, 330px\" \/>\n            <\/div>\n        <\/div><div class=\"eael-entry-wrapper\"><header class=\"eael-entry-header\"><h2 class=\"eael-entry-title\"><a class=\"eael-grid-post-link\" href=\"https:\/\/geotyc.com\/index.php\/2023\/12\/08\/que-es-una-maquina-saca-nucleos-y-para-que-sirve\/\" title=\"\u00bfQu\u00e9 es una m\u00e1quina saca n\u00facleos y para qu\u00e9 sirve?\">\u00bfQu\u00e9 es una m\u00e1quina saca n\u00facleos y para qu\u00e9 sirve?<\/a><\/h2><\/header><div class=\"eael-entry-content\">\n                        <div class=\"eael-grid-post-excerpt\"><p>M\u00e1quina saca n\u00facleos \u00bfQu\u00e9 es y para que sirve? Descubre...<\/p><a href=\"https:\/\/geotyc.com\/index.php\/2023\/12\/08\/que-es-una-maquina-saca-nucleos-y-para-que-sirve\/\" class=\"eael-post-elements-readmore-btn\">Leer m\u00e1s<\/a><\/div>\n                    <\/div><\/div><\/div>\n        <\/div>\n    <\/article><\/div>\n            <div class=\"clearfix\"><\/div>\n        <\/div>\t\t<\/div>\n\t\t\t\t<\/div>\n\t\t\t\t\t<\/div>\n\t\t\t\t<\/div>\n\t\t\t\t<\/div>\n\t\t","protected":false},"excerpt":{"rendered":"<p>Blog An\u00e1lisis de Estabilidad de Taludes: Un Abordaje Exhaustivo para la Seguridad en Proyectos de Ingenier\u00eda Civil An\u00e1lisis de estabilidad de taludes: clave para seguridad y eficiencia&#8230; Leer m\u00e1s \u00bfQu\u00e9 son los estudios de suelos y para qu\u00e9 sirven? Los estudios de suelos o estudios geot\u00e9cnicos son investigaciones que&#8230; Leer m\u00e1s \u00bfQu\u00e9 es una m\u00e1quina &hellip;<\/p>\n<p class=\"read-more\"> <a class=\"\" href=\"https:\/\/geotyc.com\/index.php\/2023\/12\/08\/que-es-una-maquina-saca-nucleos-y-para-que-sirve\/\"> <span class=\"screen-reader-text\">\u00bfQu\u00e9 es una m\u00e1quina saca n\u00facleos y para qu\u00e9 sirve?<\/span> Read More &raquo;<\/a><\/p>\n","protected":false},"author":1,"featured_media":2461,"parent":0,"menu_order":0,"comment_status":"closed","ping_status":"closed","template":"","meta":{"site-sidebar-layout":"no-sidebar","site-content-layout":"page-builder","ast-global-header-display":"","ast-banner-title-visibility":"","ast-main-header-display":"","ast-hfb-above-header-display":"","ast-hfb-below-header-display":"","ast-hfb-mobile-header-display":"","site-post-title":"disabled","ast-breadcrumbs-content":"","ast-featured-img":"disabled","footer-sml-layout":"","theme-transparent-header-meta":"","adv-header-id-meta":"","stick-header-meta":"","header-above-stick-meta":"","header-main-stick-meta":"","header-below-stick-meta":"","footnotes":"","_joinchat":[]},"jetpack_sharing_enabled":true,"_links":{"self":[{"href":"https:\/\/geotyc.com\/index.php\/wp-json\/wp\/v2\/pages\/2150"}],"collection":[{"href":"https:\/\/geotyc.com\/index.php\/wp-json\/wp\/v2\/pages"}],"about":[{"href":"https:\/\/geotyc.com\/index.php\/wp-json\/wp\/v2\/types\/page"}],"author":[{"embeddable":true,"href":"https:\/\/geotyc.com\/index.php\/wp-json\/wp\/v2\/users\/1"}],"replies":[{"embeddable":true,"href":"https:\/\/geotyc.com\/index.php\/wp-json\/wp\/v2\/comments?post=2150"}],"version-history":[{"count":39,"href":"https:\/\/geotyc.com\/index.php\/wp-json\/wp\/v2\/pages\/2150\/revisions"}],"predecessor-version":[{"id":2485,"href":"https:\/\/geotyc.com\/index.php\/wp-json\/wp\/v2\/pages\/2150\/revisions\/2485"}],"wp:featuredmedia":[{"embeddable":true,"href":"https:\/\/geotyc.com\/index.php\/wp-json\/wp\/v2\/media\/2461"}],"wp:attachment":[{"href":"https:\/\/geotyc.com\/index.php\/wp-json\/wp\/v2\/media?parent=2150"}],"curies":[{"name":"wp","href":"https:\/\/api.w.org\/{rel}","templated":true}]}}