{"id":16,"date":"2023-06-06T12:20:58","date_gmt":"2023-06-06T12:20:58","guid":{"rendered":"https:\/\/geotyc.com\/?page_id=16"},"modified":"2025-06-10T15:13:43","modified_gmt":"2025-06-10T15:13:43","slug":"saca-nucleos","status":"publish","type":"page","link":"https:\/\/geotyc.com\/index.php\/saca-nucleos\/","title":{"rendered":"Saca n\u00facleos"},"content":{"rendered":"\t\t<div data-elementor-type=\"wp-page\" data-elementor-id=\"16\" class=\"elementor elementor-16\">\n\t\t\t\t<div class=\"elementor-element elementor-element-e98fc7b e-flex e-con-boxed e-con e-parent\" data-id=\"e98fc7b\" data-element_type=\"container\">\n\t\t\t\t\t<div class=\"e-con-inner\">\n\t\t<div class=\"elementor-element elementor-element-4043a80 e-con-full e-flex e-con e-child\" data-id=\"4043a80\" data-element_type=\"container\">\n\t\t\t\t<div class=\"elementor-element elementor-element-340741f elementor-widget elementor-widget-heading\" data-id=\"340741f\" data-element_type=\"widget\" data-widget_type=\"heading.default\">\n\t\t\t\t<div class=\"elementor-widget-container\">\n\t\t\t<style>\/*! elementor - v3.21.0 - 22-05-2024 *\/\n.elementor-heading-title{padding:0;margin:0;line-height:1}.elementor-widget-heading .elementor-heading-title[class*=elementor-size-]>a{color:inherit;font-size:inherit;line-height:inherit}.elementor-widget-heading .elementor-heading-title.elementor-size-small{font-size:15px}.elementor-widget-heading .elementor-heading-title.elementor-size-medium{font-size:19px}.elementor-widget-heading .elementor-heading-title.elementor-size-large{font-size:29px}.elementor-widget-heading .elementor-heading-title.elementor-size-xl{font-size:39px}.elementor-widget-heading .elementor-heading-title.elementor-size-xxl{font-size:59px}<\/style><h1 class=\"elementor-heading-title elementor-size-default\">Saca n\u00facleos<\/h1>\t\t<\/div>\n\t\t\t\t<\/div>\n\t\t\t\t<div class=\"elementor-element elementor-element-debb2f2 elementor-tablet-align-center elementor-mobile-align-center elementor-widget elementor-widget-button\" data-id=\"debb2f2\" data-element_type=\"widget\" data-widget_type=\"button.default\">\n\t\t\t\t<div class=\"elementor-widget-container\">\n\t\t\t\t\t<div class=\"elementor-button-wrapper\">\n\t\t\t<a class=\"elementor-button elementor-button-link elementor-size-sm elementor-animation-shrink\" href=\"https:\/\/walink.co\/6479a2\" target=\"_blank\" rel=\"noopener\">\n\t\t\t\t\t\t<span class=\"elementor-button-content-wrapper\">\n\t\t\t\t\t\t\t\t\t<span class=\"elementor-button-text\">Solicitar servicio<\/span>\n\t\t\t\t\t<\/span>\n\t\t\t\t\t<\/a>\n\t\t<\/div>\n\t\t\t\t<\/div>\n\t\t\t\t<\/div>\n\t\t\t\t<\/div>\n\t\t\t\t\t<\/div>\n\t\t\t\t<\/div>\n\t\t<div class=\"elementor-element elementor-element-b66e4f8 e-flex e-con-boxed e-con e-parent\" data-id=\"b66e4f8\" data-element_type=\"container\" data-settings=\"{&quot;animation_mobile&quot;:&quot;fadeInUp&quot;}\">\n\t\t\t\t\t<div class=\"e-con-inner\">\n\t\t\t\t<div class=\"elementor-element elementor-element-1aaa464 elementor-widget elementor-widget-heading\" data-id=\"1aaa464\" data-element_type=\"widget\" data-widget_type=\"heading.default\">\n\t\t\t\t<div class=\"elementor-widget-container\">\n\t\t\t<h2 class=\"elementor-heading-title elementor-size-default\">Servicio de m\u00e1quina Saca n\u00facleos en Costa Rica<\/h2>\t\t<\/div>\n\t\t\t\t<\/div>\n\t\t\t\t\t<\/div>\n\t\t\t\t<\/div>\n\t\t<div class=\"elementor-element elementor-element-cdb3267 e-flex e-con-boxed e-con e-parent\" data-id=\"cdb3267\" data-element_type=\"container\" data-settings=\"{&quot;shape_divider_top&quot;:&quot;mountains&quot;,&quot;shape_divider_bottom&quot;:&quot;mountains&quot;}\">\n\t\t\t\t\t<div class=\"e-con-inner\">\n\t\t\t\t<div class=\"elementor-shape elementor-shape-top\" data-negative=\"false\">\n\t\t\t<svg xmlns=\"http:\/\/www.w3.org\/2000\/svg\" viewBox=\"0 0 1000 100\" preserveAspectRatio=\"none\">\n\t<path class=\"elementor-shape-fill\" opacity=\"0.33\" d=\"M473,67.3c-203.9,88.3-263.1-34-320.3,0C66,119.1,0,59.7,0,59.7V0h1000v59.7 c0,0-62.1,26.1-94.9,29.3c-32.8,3.3-62.8-12.3-75.8-22.1C806,49.6,745.3,8.7,694.9,4.7S492.4,59,473,67.3z\"\/>\n\t<path class=\"elementor-shape-fill\" opacity=\"0.66\" d=\"M734,67.3c-45.5,0-77.2-23.2-129.1-39.1c-28.6-8.7-150.3-10.1-254,39.1 s-91.7-34.4-149.2,0C115.7,118.3,0,39.8,0,39.8V0h1000v36.5c0,0-28.2-18.5-92.1-18.5C810.2,18.1,775.7,67.3,734,67.3z\"\/>\n\t<path class=\"elementor-shape-fill\" d=\"M766.1,28.9c-200-57.5-266,65.5-395.1,19.5C242,1.8,242,5.4,184.8,20.6C128,35.8,132.3,44.9,89.9,52.5C28.6,63.7,0,0,0,0 h1000c0,0-9.9,40.9-83.6,48.1S829.6,47,766.1,28.9z\"\/>\n<\/svg>\t\t<\/div>\n\t\t\t\t<div class=\"elementor-shape elementor-shape-bottom\" data-negative=\"false\">\n\t\t\t<svg xmlns=\"http:\/\/www.w3.org\/2000\/svg\" viewBox=\"0 0 1000 100\" preserveAspectRatio=\"none\">\n\t<path class=\"elementor-shape-fill\" opacity=\"0.33\" d=\"M473,67.3c-203.9,88.3-263.1-34-320.3,0C66,119.1,0,59.7,0,59.7V0h1000v59.7 c0,0-62.1,26.1-94.9,29.3c-32.8,3.3-62.8-12.3-75.8-22.1C806,49.6,745.3,8.7,694.9,4.7S492.4,59,473,67.3z\"\/>\n\t<path class=\"elementor-shape-fill\" opacity=\"0.66\" d=\"M734,67.3c-45.5,0-77.2-23.2-129.1-39.1c-28.6-8.7-150.3-10.1-254,39.1 s-91.7-34.4-149.2,0C115.7,118.3,0,39.8,0,39.8V0h1000v36.5c0,0-28.2-18.5-92.1-18.5C810.2,18.1,775.7,67.3,734,67.3z\"\/>\n\t<path class=\"elementor-shape-fill\" d=\"M766.1,28.9c-200-57.5-266,65.5-395.1,19.5C242,1.8,242,5.4,184.8,20.6C128,35.8,132.3,44.9,89.9,52.5C28.6,63.7,0,0,0,0 h1000c0,0-9.9,40.9-83.6,48.1S829.6,47,766.1,28.9z\"\/>\n<\/svg>\t\t<\/div>\n\t\t<div class=\"elementor-element elementor-element-2e28f0a e-con-full e-flex e-con e-child\" data-id=\"2e28f0a\" data-element_type=\"container\">\n\t\t\t\t<div class=\"elementor-element elementor-element-37cfc3a elementor-widget elementor-widget-image\" data-id=\"37cfc3a\" data-element_type=\"widget\" data-widget_type=\"image.default\">\n\t\t\t\t<div class=\"elementor-widget-container\">\n\t\t\t<style>\/*! elementor - v3.21.0 - 22-05-2024 *\/\n.elementor-widget-image{text-align:center}.elementor-widget-image a{display:inline-block}.elementor-widget-image a img[src$=\".svg\"]{width:48px}.elementor-widget-image img{vertical-align:middle;display:inline-block}<\/style>\t\t\t\t\t\t\t\t\t\t<img fetchpriority=\"high\" decoding=\"async\" width=\"820\" height=\"1024\" src=\"https:\/\/i0.wp.com\/geotyc.com\/wp-content\/uploads\/2024\/04\/Imagen-de-WhatsApp-2024-04-18-a-las-20.02.15_8a22a0a9.jpg?fit=820%2C1024&amp;ssl=1\" class=\"attachment-large size-large wp-image-2287\" alt=\"\" srcset=\"https:\/\/i0.wp.com\/geotyc.com\/wp-content\/uploads\/2024\/04\/Imagen-de-WhatsApp-2024-04-18-a-las-20.02.15_8a22a0a9.jpg?w=1025&amp;ssl=1 1025w, https:\/\/i0.wp.com\/geotyc.com\/wp-content\/uploads\/2024\/04\/Imagen-de-WhatsApp-2024-04-18-a-las-20.02.15_8a22a0a9.jpg?resize=240%2C300&amp;ssl=1 240w, https:\/\/i0.wp.com\/geotyc.com\/wp-content\/uploads\/2024\/04\/Imagen-de-WhatsApp-2024-04-18-a-las-20.02.15_8a22a0a9.jpg?resize=820%2C1024&amp;ssl=1 820w, https:\/\/i0.wp.com\/geotyc.com\/wp-content\/uploads\/2024\/04\/Imagen-de-WhatsApp-2024-04-18-a-las-20.02.15_8a22a0a9.jpg?resize=768%2C959&amp;ssl=1 768w\" sizes=\"(max-width: 820px) 100vw, 820px\" \/>\t\t\t\t\t\t\t\t\t\t\t\t\t<\/div>\n\t\t\t\t<\/div>\n\t\t\t\t<\/div>\n\t\t<div class=\"elementor-element elementor-element-1cf6bfe e-con-full e-flex e-con e-child\" data-id=\"1cf6bfe\" data-element_type=\"container\" data-settings=\"{&quot;animation_mobile&quot;:&quot;fadeInUp&quot;}\">\n\t\t\t\t<div class=\"elementor-element elementor-element-29696c3 elementor-widget elementor-widget-text-editor\" data-id=\"29696c3\" data-element_type=\"widget\" data-widget_type=\"text-editor.default\">\n\t\t\t\t<div class=\"elementor-widget-container\">\n\t\t\t<style>\/*! elementor - v3.21.0 - 22-05-2024 *\/\n.elementor-widget-text-editor.elementor-drop-cap-view-stacked .elementor-drop-cap{background-color:#69727d;color:#fff}.elementor-widget-text-editor.elementor-drop-cap-view-framed .elementor-drop-cap{color:#69727d;border:3px solid;background-color:transparent}.elementor-widget-text-editor:not(.elementor-drop-cap-view-default) .elementor-drop-cap{margin-top:8px}.elementor-widget-text-editor:not(.elementor-drop-cap-view-default) .elementor-drop-cap-letter{width:1em;height:1em}.elementor-widget-text-editor .elementor-drop-cap{float:left;text-align:center;line-height:1;font-size:50px}.elementor-widget-text-editor .elementor-drop-cap-letter{display:inline-block}<\/style>\t\t\t\t<p>Estudios de Suelos ofrece el servicio de m\u00e1quina saca n\u00facleos en Costa Rica. Nuestro equipo est\u00e1 capacitado para llevar a cabo perforaciones de n\u00facleos con precisi\u00f3n y eficiencia en diversos tipos de suelos y rocas en la regi\u00f3n. Contamos con una avanzada m\u00e1quina de extracci\u00f3n de n\u00facleos equipada con una broca hueca que permite obtener muestras cil\u00edndricas representativas del subsuelo.<\/p>\t\t\t\t\t\t<\/div>\n\t\t\t\t<\/div>\n\t\t\t\t<\/div>\n\t\t<div class=\"elementor-element elementor-element-d86b8c4 e-con-full e-flex e-con e-child\" data-id=\"d86b8c4\" data-element_type=\"container\" data-settings=\"{&quot;animation_mobile&quot;:&quot;fadeInUp&quot;}\">\n\t\t\t\t<div class=\"elementor-element elementor-element-ff3aba4 elementor-widget elementor-widget-heading\" data-id=\"ff3aba4\" data-element_type=\"widget\" data-widget_type=\"heading.default\">\n\t\t\t\t<div class=\"elementor-widget-container\">\n\t\t\t<h2 class=\"elementor-heading-title elementor-size-default\">\u00bfCual es su objetivo?<\/h2>\t\t<\/div>\n\t\t\t\t<\/div>\n\t\t\t\t<div class=\"elementor-element elementor-element-1d0e4ce elementor-widget__width-initial elementor-widget-mobile__width-inherit elementor-widget elementor-widget-text-editor\" data-id=\"1d0e4ce\" data-element_type=\"widget\" data-widget_type=\"text-editor.default\">\n\t\t\t\t<div class=\"elementor-widget-container\">\n\t\t\t\t\t\t\t<p>El objetivo principal de utilizar una m\u00e1quina saca n\u00facleos en estudios geot\u00e9cnicos y geol\u00f3gicos es obtener muestras representativas del subsuelo para analizar y comprender las propiedades y caracter\u00edsticas del terreno. <\/p>\t\t\t\t\t\t<\/div>\n\t\t\t\t<\/div>\n\t\t\t\t<\/div>\n\t\t\t\t\t<\/div>\n\t\t\t\t<\/div>\n\t\t<div class=\"elementor-element elementor-element-7da6ee2 e-flex e-con-boxed e-con e-parent\" data-id=\"7da6ee2\" data-element_type=\"container\" data-settings=\"{&quot;shape_divider_top&quot;:&quot;mountains&quot;,&quot;shape_divider_bottom&quot;:&quot;mountains&quot;}\">\n\t\t\t\t\t<div class=\"e-con-inner\">\n\t\t\t\t<div class=\"elementor-shape elementor-shape-top\" data-negative=\"false\">\n\t\t\t<svg xmlns=\"http:\/\/www.w3.org\/2000\/svg\" viewBox=\"0 0 1000 100\" preserveAspectRatio=\"none\">\n\t<path class=\"elementor-shape-fill\" opacity=\"0.33\" d=\"M473,67.3c-203.9,88.3-263.1-34-320.3,0C66,119.1,0,59.7,0,59.7V0h1000v59.7 c0,0-62.1,26.1-94.9,29.3c-32.8,3.3-62.8-12.3-75.8-22.1C806,49.6,745.3,8.7,694.9,4.7S492.4,59,473,67.3z\"\/>\n\t<path class=\"elementor-shape-fill\" opacity=\"0.66\" d=\"M734,67.3c-45.5,0-77.2-23.2-129.1-39.1c-28.6-8.7-150.3-10.1-254,39.1 s-91.7-34.4-149.2,0C115.7,118.3,0,39.8,0,39.8V0h1000v36.5c0,0-28.2-18.5-92.1-18.5C810.2,18.1,775.7,67.3,734,67.3z\"\/>\n\t<path class=\"elementor-shape-fill\" d=\"M766.1,28.9c-200-57.5-266,65.5-395.1,19.5C242,1.8,242,5.4,184.8,20.6C128,35.8,132.3,44.9,89.9,52.5C28.6,63.7,0,0,0,0 h1000c0,0-9.9,40.9-83.6,48.1S829.6,47,766.1,28.9z\"\/>\n<\/svg>\t\t<\/div>\n\t\t\t\t<div class=\"elementor-shape elementor-shape-bottom\" data-negative=\"false\">\n\t\t\t<svg xmlns=\"http:\/\/www.w3.org\/2000\/svg\" viewBox=\"0 0 1000 100\" preserveAspectRatio=\"none\">\n\t<path class=\"elementor-shape-fill\" opacity=\"0.33\" d=\"M473,67.3c-203.9,88.3-263.1-34-320.3,0C66,119.1,0,59.7,0,59.7V0h1000v59.7 c0,0-62.1,26.1-94.9,29.3c-32.8,3.3-62.8-12.3-75.8-22.1C806,49.6,745.3,8.7,694.9,4.7S492.4,59,473,67.3z\"\/>\n\t<path class=\"elementor-shape-fill\" opacity=\"0.66\" d=\"M734,67.3c-45.5,0-77.2-23.2-129.1-39.1c-28.6-8.7-150.3-10.1-254,39.1 s-91.7-34.4-149.2,0C115.7,118.3,0,39.8,0,39.8V0h1000v36.5c0,0-28.2-18.5-92.1-18.5C810.2,18.1,775.7,67.3,734,67.3z\"\/>\n\t<path class=\"elementor-shape-fill\" d=\"M766.1,28.9c-200-57.5-266,65.5-395.1,19.5C242,1.8,242,5.4,184.8,20.6C128,35.8,132.3,44.9,89.9,52.5C28.6,63.7,0,0,0,0 h1000c0,0-9.9,40.9-83.6,48.1S829.6,47,766.1,28.9z\"\/>\n<\/svg>\t\t<\/div>\n\t\t<div class=\"elementor-element elementor-element-71e27ce e-con-full e-flex e-con e-child\" data-id=\"71e27ce\" data-element_type=\"container\">\n\t\t\t\t<div class=\"elementor-element elementor-element-ff9519c elementor-widget elementor-widget-image\" data-id=\"ff9519c\" data-element_type=\"widget\" data-settings=\"{&quot;_animation_mobile&quot;:&quot;rotateInUpRight&quot;}\" data-widget_type=\"image.default\">\n\t\t\t\t<div class=\"elementor-widget-container\">\n\t\t\t\t\t\t\t\t\t\t\t\t\t<img decoding=\"async\" width=\"1024\" height=\"768\" src=\"https:\/\/i0.wp.com\/geotyc.com\/wp-content\/uploads\/2023\/06\/Saca-nnn.jpg?fit=1024%2C768&amp;ssl=1\" class=\"attachment-large size-large wp-image-617\" alt=\"\" srcset=\"https:\/\/i0.wp.com\/geotyc.com\/wp-content\/uploads\/2023\/06\/Saca-nnn.jpg?w=1440&amp;ssl=1 1440w, https:\/\/i0.wp.com\/geotyc.com\/wp-content\/uploads\/2023\/06\/Saca-nnn.jpg?resize=300%2C225&amp;ssl=1 300w, https:\/\/i0.wp.com\/geotyc.com\/wp-content\/uploads\/2023\/06\/Saca-nnn.jpg?resize=1024%2C768&amp;ssl=1 1024w, https:\/\/i0.wp.com\/geotyc.com\/wp-content\/uploads\/2023\/06\/Saca-nnn.jpg?resize=768%2C576&amp;ssl=1 768w\" sizes=\"(max-width: 1000px) 100vw, 1000px\" \/>\t\t\t\t\t\t\t\t\t\t\t\t\t<\/div>\n\t\t\t\t<\/div>\n\t\t\t\t<\/div>\n\t\t<div class=\"elementor-element elementor-element-1f1f33e e-con-full e-flex e-con e-child\" data-id=\"1f1f33e\" data-element_type=\"container\" data-settings=\"{&quot;animation_mobile&quot;:&quot;fadeInUp&quot;}\">\n\t\t\t\t<div class=\"elementor-element elementor-element-fb7001e elementor-widget elementor-widget-heading\" data-id=\"fb7001e\" data-element_type=\"widget\" data-widget_type=\"heading.default\">\n\t\t\t\t<div class=\"elementor-widget-container\">\n\t\t\t<h2 class=\"elementor-heading-title elementor-size-default\">\u00bfQu\u00e9 es una  Saca n\u00facleos?<\/h2>\t\t<\/div>\n\t\t\t\t<\/div>\n\t\t\t\t<div class=\"elementor-element elementor-element-0018701 elementor-widget elementor-widget-text-editor\" data-id=\"0018701\" data-element_type=\"widget\" data-widget_type=\"text-editor.default\">\n\t\t\t\t<div class=\"elementor-widget-container\">\n\t\t\t\t\t\t\t<p>Una m\u00e1quina saca n\u00facleos, tambi\u00e9n conocida como m\u00e1quina de extracci\u00f3n de n\u00facleos o perforadora de n\u00facleos, es una herramienta utilizada en la geotecnia y la exploraci\u00f3n geol\u00f3gica para obtener muestras cil\u00edndricas de suelo, roca u otros materiales del subsuelo. Estas muestras cil\u00edndricas, llamadas n\u00facleos, proporcionan informaci\u00f3n detallada sobre la composici\u00f3n, la estructura y las propiedades f\u00edsicas y mec\u00e1nicas del terreno.<\/p><p>La m\u00e1quina saca n\u00facleos consta de un sistema de perforaci\u00f3n que utiliza una broca hueca con dientes afilados en su extremo inferior. La broca se introduce en el suelo o la roca mediante la rotaci\u00f3n y la aplicaci\u00f3n de fuerza axial. A medida que se perfora, la broca extrae un cilindro de material del subsuelo, dejando un agujero en el lugar.<\/p>\t\t\t\t\t\t<\/div>\n\t\t\t\t<\/div>\n\t\t\t\t<\/div>\n\t\t<div class=\"elementor-element elementor-element-77280fd e-con-full e-flex e-con e-child\" data-id=\"77280fd\" data-element_type=\"container\">\n\t\t\t\t<\/div>\n\t\t\t\t\t<\/div>\n\t\t\t\t<\/div>\n\t\t<div class=\"elementor-element elementor-element-5b12f5d e-flex e-con-boxed e-con e-parent\" data-id=\"5b12f5d\" data-element_type=\"container\">\n\t\t\t\t\t<div class=\"e-con-inner\">\n\t\t<div class=\"elementor-element elementor-element-76d2034 e-con-full e-flex e-con e-child\" data-id=\"76d2034\" data-element_type=\"container\" data-settings=\"{&quot;animation_mobile&quot;:&quot;fadeInUp&quot;}\">\n\t\t<div class=\"elementor-element elementor-element-e2bf5d9 e-con-full e-flex e-con e-child\" data-id=\"e2bf5d9\" data-element_type=\"container\" data-settings=\"{&quot;animation_mobile&quot;:&quot;fadeInUp&quot;}\">\n\t\t\t\t<div class=\"elementor-element elementor-element-a05017d elementor-hidden-desktop elementor-hidden-tablet elementor-widget-mobile__width-initial elementor-widget elementor-widget-heading\" data-id=\"a05017d\" data-element_type=\"widget\" data-widget_type=\"heading.default\">\n\t\t\t\t<div class=\"elementor-widget-container\">\n\t\t\t<h2 class=\"elementor-heading-title elementor-size-default\">\u00bfCuales datos se obtienen?<\/h2>\t\t<\/div>\n\t\t\t\t<\/div>\n\t\t\t\t<div class=\"elementor-element elementor-element-c0b9ba7 elementor-hidden-desktop elementor-hidden-tablet elementor-widget elementor-widget-text-editor\" data-id=\"c0b9ba7\" data-element_type=\"widget\" data-widget_type=\"text-editor.default\">\n\t\t\t\t<div class=\"elementor-widget-container\">\n\t\t\t\t\t\t\t<p>\u00a0<\/p><ul><li><strong>An\u00e1lisis de propiedades:<\/strong> Las muestras de n\u00facleos permiten realizar an\u00e1lisis detallados en el laboratorio para determinar propiedades f\u00edsicas y mec\u00e1nicas del suelo o la roca, como la densidad, la porosidad, la resistencia, la permeabilidad y la deformabilidad.<\/li><\/ul>\t\t\t\t\t\t<\/div>\n\t\t\t\t<\/div>\n\t\t\t\t<div class=\"elementor-element elementor-element-65e53c2 elementor-hidden-desktop elementor-hidden-tablet elementor-widget elementor-widget-image\" data-id=\"65e53c2\" data-element_type=\"widget\" data-widget_type=\"image.default\">\n\t\t\t\t<div class=\"elementor-widget-container\">\n\t\t\t\t\t\t\t\t\t\t\t\t\t<img decoding=\"async\" width=\"366\" height=\"542\" src=\"https:\/\/i0.wp.com\/geotyc.com\/wp-content\/uploads\/2023\/06\/Fonfo-tripode-e1688525423698.jpg?fit=366%2C542&amp;ssl=1\" class=\"attachment-large size-large wp-image-540\" alt=\"\" srcset=\"https:\/\/i0.wp.com\/geotyc.com\/wp-content\/uploads\/2023\/06\/Fonfo-tripode-e1688525423698.jpg?w=366&amp;ssl=1 366w, https:\/\/i0.wp.com\/geotyc.com\/wp-content\/uploads\/2023\/06\/Fonfo-tripode-e1688525423698.jpg?resize=203%2C300&amp;ssl=1 203w\" sizes=\"(max-width: 366px) 100vw, 366px\" \/>\t\t\t\t\t\t\t\t\t\t\t\t\t<\/div>\n\t\t\t\t<\/div>\n\t\t\t\t<\/div>\n\t\t\t\t<div class=\"elementor-element elementor-element-905f3ee elementor-hidden-mobile elementor-widget elementor-widget-heading\" data-id=\"905f3ee\" data-element_type=\"widget\" data-widget_type=\"heading.default\">\n\t\t\t\t<div class=\"elementor-widget-container\">\n\t\t\t<h2 class=\"elementor-heading-title elementor-size-default\">\u00bfCuales datos se obtienen?<\/h2>\t\t<\/div>\n\t\t\t\t<\/div>\n\t\t<div class=\"elementor-element elementor-element-ada249a e-con-full e-flex e-con e-child\" data-id=\"ada249a\" data-element_type=\"container\">\n\t\t\t\t<div class=\"elementor-element elementor-element-a7b89bd elementor-hidden-mobile elementor-widget elementor-widget-text-editor\" data-id=\"a7b89bd\" data-element_type=\"widget\" data-widget_type=\"text-editor.default\">\n\t\t\t\t<div class=\"elementor-widget-container\">\n\t\t\t\t\t\t\t<ul><li><strong>An\u00e1lisis de propiedades:<\/strong> Las muestras de n\u00facleos permiten realizar an\u00e1lisis detallados en el laboratorio para determinar propiedades f\u00edsicas y mec\u00e1nicas del suelo o la roca, como la densidad, la porosidad, la resistencia, la permeabilidad y la deformabilidad.<\/li><li><strong>Caracterizaci\u00f3n del subsuelo:<\/strong> Los n\u00facleos proporcionan informaci\u00f3n sobre la estratigraf\u00eda y la composici\u00f3n del subsuelo. Esto ayuda a identificar las capas geol\u00f3gicas, determinar la secuencia de diferentes tipos de suelos o rocas, y evaluar su distribuci\u00f3n y variabilidad en el \u00e1rea de estudio.<\/li><li><strong>Evaluaci\u00f3n de la calidad del suelo:<\/strong> Las muestras de n\u00facleos permiten evaluar la calidad del suelo en t\u00e9rminos de su capacidad de soporte, compactaci\u00f3n, expansi\u00f3n o contracci\u00f3n, susceptibilidad a la erosi\u00f3n y otros factores relevantes.<\/li><li><strong>Dise\u00f1o y selecci\u00f3n de cimentaciones:<\/strong> El an\u00e1lisis de los n\u00facleos ayuda en la selecci\u00f3n del tipo y la profundidad de las cimentaciones m\u00e1s adecuadas para una estructura determinada.<\/li><\/ul>\t\t\t\t\t\t<\/div>\n\t\t\t\t<\/div>\n\t\t\t\t<div class=\"elementor-element elementor-element-fec6084 elementor-hidden-desktop elementor-hidden-tablet elementor-widget elementor-widget-text-editor\" data-id=\"fec6084\" data-element_type=\"widget\" data-widget_type=\"text-editor.default\">\n\t\t\t\t<div class=\"elementor-widget-container\">\n\t\t\t\t\t\t\t<p>\u00a0<\/p><ul><li><strong>Caracterizaci\u00f3n del subsuelo:<\/strong> Los n\u00facleos proporcionan informaci\u00f3n sobre la estratigraf\u00eda y la composici\u00f3n del subsuelo. Esto ayuda a identificar las capas geol\u00f3gicas, determinar la secuencia de diferentes tipos de suelos o rocas, y evaluar su distribuci\u00f3n y variabilidad en el \u00e1rea de estudio.<\/li><li><strong>Evaluaci\u00f3n de la calidad del suelo:<\/strong> Las muestras de n\u00facleos permiten evaluar la calidad del suelo en t\u00e9rminos de su capacidad de soporte, compactaci\u00f3n, expansi\u00f3n o contracci\u00f3n, susceptibilidad a la erosi\u00f3n y otros factores relevantes.<\/li><li><strong>Dise\u00f1o y selecci\u00f3n de cimentaciones:<\/strong> El an\u00e1lisis de los n\u00facleos ayuda en la selecci\u00f3n del tipo y la profundidad de las cimentaciones m\u00e1s adecuadas para una estructura determinada.<\/li><\/ul>\t\t\t\t\t\t<\/div>\n\t\t\t\t<\/div>\n\t\t\t\t<\/div>\n\t\t\t\t<\/div>\n\t\t<div class=\"elementor-element elementor-element-ce8c835 e-con-full e-flex e-con e-child\" data-id=\"ce8c835\" data-element_type=\"container\">\n\t\t\t\t<div class=\"elementor-element elementor-element-5ce5c20 elementor-hidden-mobile elementor-widget elementor-widget-image\" data-id=\"5ce5c20\" data-element_type=\"widget\" data-widget_type=\"image.default\">\n\t\t\t\t<div class=\"elementor-widget-container\">\n\t\t\t\t\t\t\t\t\t\t\t\t\t<img decoding=\"async\" width=\"366\" height=\"542\" src=\"https:\/\/i0.wp.com\/geotyc.com\/wp-content\/uploads\/2023\/06\/Fonfo-tripode-e1688525423698.jpg?fit=366%2C542&amp;ssl=1\" class=\"attachment-large size-large wp-image-540\" alt=\"\" srcset=\"https:\/\/i0.wp.com\/geotyc.com\/wp-content\/uploads\/2023\/06\/Fonfo-tripode-e1688525423698.jpg?w=366&amp;ssl=1 366w, https:\/\/i0.wp.com\/geotyc.com\/wp-content\/uploads\/2023\/06\/Fonfo-tripode-e1688525423698.jpg?resize=203%2C300&amp;ssl=1 203w\" sizes=\"(max-width: 366px) 100vw, 366px\" \/>\t\t\t\t\t\t\t\t\t\t\t\t\t<\/div>\n\t\t\t\t<\/div>\n\t\t\t\t<\/div>\n\t\t<div class=\"elementor-element elementor-element-c394b51 e-con-full e-flex e-con e-child\" data-id=\"c394b51\" data-element_type=\"container\">\n\t\t\t\t<div class=\"elementor-element elementor-element-3ec4a18 elementor-widget elementor-widget-image\" data-id=\"3ec4a18\" data-element_type=\"widget\" data-widget_type=\"image.default\">\n\t\t\t\t<div class=\"elementor-widget-container\">\n\t\t\t\t\t\t\t\t\t\t\t\t\t<img loading=\"lazy\" decoding=\"async\" width=\"249\" height=\"365\" src=\"https:\/\/i0.wp.com\/geotyc.com\/wp-content\/uploads\/2023\/09\/Screenshot-2023-09-22-at-21-39-32-Estudios-de-suelos-T-C-@estudios_de_suelo_tyc-\u2022-Fotos-y-videos-de-Instagram.png?fit=249%2C365&amp;ssl=1\" class=\"attachment-large size-large wp-image-2052\" alt=\"\" srcset=\"https:\/\/i0.wp.com\/geotyc.com\/wp-content\/uploads\/2023\/09\/Screenshot-2023-09-22-at-21-39-32-Estudios-de-suelos-T-C-@estudios_de_suelo_tyc-\u2022-Fotos-y-videos-de-Instagram.png?w=249&amp;ssl=1 249w, https:\/\/i0.wp.com\/geotyc.com\/wp-content\/uploads\/2023\/09\/Screenshot-2023-09-22-at-21-39-32-Estudios-de-suelos-T-C-@estudios_de_suelo_tyc-\u2022-Fotos-y-videos-de-Instagram.png?resize=205%2C300&amp;ssl=1 205w\" sizes=\"(max-width: 249px) 100vw, 249px\" \/>\t\t\t\t\t\t\t\t\t\t\t\t\t<\/div>\n\t\t\t\t<\/div>\n\t\t\t\t<\/div>\n\t\t<div class=\"elementor-element elementor-element-9488fa3 e-con-full e-flex e-con e-child\" data-id=\"9488fa3\" data-element_type=\"container\">\n\t\t\t\t<div class=\"elementor-element elementor-element-9977f8a elementor-widget elementor-widget-heading\" data-id=\"9977f8a\" data-element_type=\"widget\" data-widget_type=\"heading.default\">\n\t\t\t\t<div class=\"elementor-widget-container\">\n\t\t\t<h2 class=\"elementor-heading-title elementor-size-default\">Aplicaciones<\/h2>\t\t<\/div>\n\t\t\t\t<\/div>\n\t\t\t\t<div class=\"elementor-element elementor-element-e331fe0 elementor-widget elementor-widget-text-editor\" data-id=\"e331fe0\" data-element_type=\"widget\" data-widget_type=\"text-editor.default\">\n\t\t\t\t<div class=\"elementor-widget-container\">\n\t\t\t\t\t\t\t<ul><li>Perforaciones con columna sobre concreto para pasos de tuber\u00edas e instalaciones hidr\u00e1ulicas, sanitarias, calefacciones y aire acondicionado<\/li><li>Barrenos para la instalaci\u00f3n de bandejas porta cables y ductos de ventilaci\u00f3n<\/li><li>Barrenos de gran di\u00e1metro, acero de refuerzo e instalaciones de barandillas y barreras<\/li><\/ul>\t\t\t\t\t\t<\/div>\n\t\t\t\t<\/div>\n\t\t\t\t<\/div>\n\t\t\t\t\t<\/div>\n\t\t\t\t<\/div>\n\t\t\t\t<\/div>\n\t\t","protected":false},"excerpt":{"rendered":"<p>Saca n\u00facleos Solicitar servicio Servicio de m\u00e1quina Saca n\u00facleos en Costa Rica Estudios de Suelos ofrece el servicio de m\u00e1quina saca n\u00facleos en Costa Rica. Nuestro equipo est\u00e1 capacitado para llevar a cabo perforaciones de n\u00facleos con precisi\u00f3n y eficiencia en diversos tipos de suelos y rocas en la regi\u00f3n. Contamos con una avanzada m\u00e1quina &hellip;<\/p>\n<p class=\"read-more\"> <a class=\"\" href=\"https:\/\/geotyc.com\/index.php\/saca-nucleos\/\"> <span class=\"screen-reader-text\">Saca n\u00facleos<\/span> Read More &raquo;<\/a><\/p>\n","protected":false},"author":1,"featured_media":2461,"parent":0,"menu_order":0,"comment_status":"closed","ping_status":"closed","template":"","meta":{"site-sidebar-layout":"no-sidebar","site-content-layout":"page-builder","ast-global-header-display":"","ast-banner-title-visibility":"","ast-main-header-display":"","ast-hfb-above-header-display":"","ast-hfb-below-header-display":"","ast-hfb-mobile-header-display":"","site-post-title":"disabled","ast-breadcrumbs-content":"","ast-featured-img":"disabled","footer-sml-layout":"","theme-transparent-header-meta":"","adv-header-id-meta":"","stick-header-meta":"","header-above-stick-meta":"","header-main-stick-meta":"","header-below-stick-meta":"","footnotes":"","_joinchat":[]},"jetpack_sharing_enabled":true,"_links":{"self":[{"href":"https:\/\/geotyc.com\/index.php\/wp-json\/wp\/v2\/pages\/16"}],"collection":[{"href":"https:\/\/geotyc.com\/index.php\/wp-json\/wp\/v2\/pages"}],"about":[{"href":"https:\/\/geotyc.com\/index.php\/wp-json\/wp\/v2\/types\/page"}],"author":[{"embeddable":true,"href":"https:\/\/geotyc.com\/index.php\/wp-json\/wp\/v2\/users\/1"}],"replies":[{"embeddable":true,"href":"https:\/\/geotyc.com\/index.php\/wp-json\/wp\/v2\/comments?post=16"}],"version-history":[{"count":131,"href":"https:\/\/geotyc.com\/index.php\/wp-json\/wp\/v2\/pages\/16\/revisions"}],"predecessor-version":[{"id":2484,"href":"https:\/\/geotyc.com\/index.php\/wp-json\/wp\/v2\/pages\/16\/revisions\/2484"}],"wp:featuredmedia":[{"embeddable":true,"href":"https:\/\/geotyc.com\/index.php\/wp-json\/wp\/v2\/media\/2461"}],"wp:attachment":[{"href":"https:\/\/geotyc.com\/index.php\/wp-json\/wp\/v2\/media?parent=16"}],"curies":[{"name":"wp","href":"https:\/\/api.w.org\/{rel}","templated":true}]}}