{"id":14,"date":"2023-06-06T12:20:29","date_gmt":"2023-06-06T12:20:29","guid":{"rendered":"https:\/\/geotyc.com\/?page_id=14"},"modified":"2025-06-10T15:12:48","modified_gmt":"2025-06-10T15:12:48","slug":"spt","status":"publish","type":"page","link":"https:\/\/geotyc.com\/index.php\/spt\/","title":{"rendered":"SPT"},"content":{"rendered":"\t\t<div data-elementor-type=\"wp-page\" data-elementor-id=\"14\" class=\"elementor elementor-14\">\n\t\t\t\t<div class=\"elementor-element elementor-element-6256d53 e-flex e-con-boxed e-con e-parent\" data-id=\"6256d53\" data-element_type=\"container\" data-settings=\"{&quot;background_background&quot;:&quot;classic&quot;,&quot;shape_divider_top&quot;:&quot;opacity-tilt&quot;,&quot;shape_divider_bottom&quot;:&quot;opacity-tilt&quot;,&quot;animation&quot;:&quot;none&quot;}\">\n\t\t\t\t\t<div class=\"e-con-inner\">\n\t\t\t\t<div class=\"elementor-shape elementor-shape-top\" data-negative=\"false\">\n\t\t\t<svg xmlns=\"http:\/\/www.w3.org\/2000\/svg\" viewBox=\"0 0 2600 131.1\" preserveAspectRatio=\"none\">\n\t<path class=\"elementor-shape-fill\" d=\"M0 0L2600 0 2600 69.1 0 0z\"\/>\n\t<path class=\"elementor-shape-fill\" style=\"opacity:0.5\" d=\"M0 0L2600 0 2600 69.1 0 69.1z\"\/>\n\t<path class=\"elementor-shape-fill\" style=\"opacity:0.25\" d=\"M2600 0L0 0 0 130.1 2600 69.1z\"\/>\n<\/svg>\t\t<\/div>\n\t\t\t\t<div class=\"elementor-shape elementor-shape-bottom\" data-negative=\"false\">\n\t\t\t<svg xmlns=\"http:\/\/www.w3.org\/2000\/svg\" viewBox=\"0 0 2600 131.1\" preserveAspectRatio=\"none\">\n\t<path class=\"elementor-shape-fill\" d=\"M0 0L2600 0 2600 69.1 0 0z\"\/>\n\t<path class=\"elementor-shape-fill\" style=\"opacity:0.5\" d=\"M0 0L2600 0 2600 69.1 0 69.1z\"\/>\n\t<path class=\"elementor-shape-fill\" style=\"opacity:0.25\" d=\"M2600 0L0 0 0 130.1 2600 69.1z\"\/>\n<\/svg>\t\t<\/div>\n\t\t\t\t<div class=\"elementor-element elementor-element-11f21a0 elementor-widget elementor-widget-heading\" data-id=\"11f21a0\" data-element_type=\"widget\" data-widget_type=\"heading.default\">\n\t\t\t\t<div class=\"elementor-widget-container\">\n\t\t\t<style>\/*! elementor - v3.21.0 - 22-05-2024 *\/\n.elementor-heading-title{padding:0;margin:0;line-height:1}.elementor-widget-heading .elementor-heading-title[class*=elementor-size-]>a{color:inherit;font-size:inherit;line-height:inherit}.elementor-widget-heading .elementor-heading-title.elementor-size-small{font-size:15px}.elementor-widget-heading .elementor-heading-title.elementor-size-medium{font-size:19px}.elementor-widget-heading .elementor-heading-title.elementor-size-large{font-size:29px}.elementor-widget-heading .elementor-heading-title.elementor-size-xl{font-size:39px}.elementor-widget-heading .elementor-heading-title.elementor-size-xxl{font-size:59px}<\/style><h2 class=\"elementor-heading-title elementor-size-default\">Estudios de suelos<\/h2>\t\t<\/div>\n\t\t\t\t<\/div>\n\t\t\t\t<div class=\"elementor-element elementor-element-ac3cc59 elementor-align-center elementor-widget elementor-widget-button\" data-id=\"ac3cc59\" data-element_type=\"widget\" data-widget_type=\"button.default\">\n\t\t\t\t<div class=\"elementor-widget-container\">\n\t\t\t\t\t<div class=\"elementor-button-wrapper\">\n\t\t\t<a class=\"elementor-button elementor-button-link elementor-size-sm elementor-animation-grow\" href=\"https:\/\/walink.co\/0a1252\" target=\"_blank\" rel=\"noopener\">\n\t\t\t\t\t\t<span class=\"elementor-button-content-wrapper\">\n\t\t\t\t\t\t\t\t\t<span class=\"elementor-button-text\">Cotizar un  trabajo<\/span>\n\t\t\t\t\t<\/span>\n\t\t\t\t\t<\/a>\n\t\t<\/div>\n\t\t\t\t<\/div>\n\t\t\t\t<\/div>\n\t\t\t\t\t<\/div>\n\t\t\t\t<\/div>\n\t\t<div class=\"elementor-element elementor-element-58200ca e-flex e-con-boxed elementor-invisible e-con e-parent\" data-id=\"58200ca\" data-element_type=\"container\" data-settings=\"{&quot;animation&quot;:&quot;fadeInUp&quot;}\">\n\t\t\t\t\t<div class=\"e-con-inner\">\n\t\t\t\t<div class=\"elementor-element elementor-element-818e7f1 elementor-widget__width-initial elementor-widget-tablet__width-initial elementor-widget-mobile__width-initial elementor-widget elementor-widget-heading\" data-id=\"818e7f1\" data-element_type=\"widget\" data-widget_type=\"heading.default\">\n\t\t\t\t<div class=\"elementor-widget-container\">\n\t\t\t<h2 class=\"elementor-heading-title elementor-size-default\">\u00bfQu\u00e9 son los estudios de suelos?<\/h2>\t\t<\/div>\n\t\t\t\t<\/div>\n\t\t\t\t\t<\/div>\n\t\t\t\t<\/div>\n\t\t<div class=\"elementor-element elementor-element-8fa02f3 e-flex e-con-boxed e-con e-parent\" data-id=\"8fa02f3\" data-element_type=\"container\">\n\t\t\t\t\t<div class=\"e-con-inner\">\n\t\t<div class=\"elementor-element elementor-element-5c54b8c e-con-full e-flex elementor-invisible e-con e-child\" data-id=\"5c54b8c\" data-element_type=\"container\" data-settings=\"{&quot;animation&quot;:&quot;fadeInLeft&quot;}\">\n\t\t\t\t<div class=\"elementor-element elementor-element-958b3ed elementor-widget elementor-widget-image\" data-id=\"958b3ed\" data-element_type=\"widget\" data-widget_type=\"image.default\">\n\t\t\t\t<div class=\"elementor-widget-container\">\n\t\t\t<style>\/*! elementor - v3.21.0 - 22-05-2024 *\/\n.elementor-widget-image{text-align:center}.elementor-widget-image a{display:inline-block}.elementor-widget-image a img[src$=\".svg\"]{width:48px}.elementor-widget-image img{vertical-align:middle;display:inline-block}<\/style>\t\t\t\t\t\t\t\t\t\t<img fetchpriority=\"high\" decoding=\"async\" width=\"1024\" height=\"1024\" src=\"https:\/\/i0.wp.com\/geotyc.com\/wp-content\/uploads\/2023\/06\/10.jpg?fit=1024%2C1024&amp;ssl=1\" class=\"attachment-large size-large wp-image-640\" alt=\"\" srcset=\"https:\/\/i0.wp.com\/geotyc.com\/wp-content\/uploads\/2023\/06\/10.jpg?w=1440&amp;ssl=1 1440w, https:\/\/i0.wp.com\/geotyc.com\/wp-content\/uploads\/2023\/06\/10.jpg?resize=300%2C300&amp;ssl=1 300w, https:\/\/i0.wp.com\/geotyc.com\/wp-content\/uploads\/2023\/06\/10.jpg?resize=1024%2C1024&amp;ssl=1 1024w, https:\/\/i0.wp.com\/geotyc.com\/wp-content\/uploads\/2023\/06\/10.jpg?resize=150%2C150&amp;ssl=1 150w, https:\/\/i0.wp.com\/geotyc.com\/wp-content\/uploads\/2023\/06\/10.jpg?resize=768%2C768&amp;ssl=1 768w\" sizes=\"(max-width: 1000px) 100vw, 1000px\" \/>\t\t\t\t\t\t\t\t\t\t\t\t\t<\/div>\n\t\t\t\t<\/div>\n\t\t\t\t<\/div>\n\t\t<div class=\"elementor-element elementor-element-31cbdc5 e-con-full e-flex elementor-invisible e-con e-child\" data-id=\"31cbdc5\" data-element_type=\"container\" data-settings=\"{&quot;animation&quot;:&quot;fadeInRight&quot;}\">\n\t\t\t\t<div class=\"elementor-element elementor-element-39f854f elementor-widget elementor-widget-text-editor\" data-id=\"39f854f\" data-element_type=\"widget\" data-widget_type=\"text-editor.default\">\n\t\t\t\t<div class=\"elementor-widget-container\">\n\t\t\t<style>\/*! elementor - v3.21.0 - 22-05-2024 *\/\n.elementor-widget-text-editor.elementor-drop-cap-view-stacked .elementor-drop-cap{background-color:#69727d;color:#fff}.elementor-widget-text-editor.elementor-drop-cap-view-framed .elementor-drop-cap{color:#69727d;border:3px solid;background-color:transparent}.elementor-widget-text-editor:not(.elementor-drop-cap-view-default) .elementor-drop-cap{margin-top:8px}.elementor-widget-text-editor:not(.elementor-drop-cap-view-default) .elementor-drop-cap-letter{width:1em;height:1em}.elementor-widget-text-editor .elementor-drop-cap{float:left;text-align:center;line-height:1;font-size:50px}.elementor-widget-text-editor .elementor-drop-cap-letter{display:inline-block}<\/style>\t\t\t\t<p>Los estudios de suelos son investigaciones y an\u00e1lisis que se realizan para comprender las caracter\u00edsticas y propiedades del suelo en un \u00e1rea determinada. Estos estudios proporcionan informaci\u00f3n detallada sobre el suelo presente en un sitio espec\u00edfico, incluyendo su composici\u00f3n, textura, estructura, capacidad de carga, permeabilidad y otros par\u00e1metros relevantes.<\/p><p>Permiten evaluar la idoneidad del suelo como soporte de carga, determinar su capacidad de drenaje y compresi\u00f3n, y prever su comportamiento frente a fen\u00f3menos naturales como terremotos y deslizamientos.<\/p>\t\t\t\t\t\t<\/div>\n\t\t\t\t<\/div>\n\t\t\t\t<div class=\"elementor-element elementor-element-a7a440c elementor-hidden-desktop elementor-hidden-tablet elementor-widget elementor-widget-image\" data-id=\"a7a440c\" data-element_type=\"widget\" data-widget_type=\"image.default\">\n\t\t\t\t<div class=\"elementor-widget-container\">\n\t\t\t\t\t\t\t\t\t\t\t\t\t<img decoding=\"async\" width=\"526\" height=\"526\" src=\"https:\/\/i0.wp.com\/geotyc.com\/wp-content\/uploads\/2023\/07\/Grecia.jpg?fit=526%2C526&amp;ssl=1\" class=\"attachment-large size-large wp-image-1627\" alt=\"\" srcset=\"https:\/\/i0.wp.com\/geotyc.com\/wp-content\/uploads\/2023\/07\/Grecia.jpg?w=526&amp;ssl=1 526w, https:\/\/i0.wp.com\/geotyc.com\/wp-content\/uploads\/2023\/07\/Grecia.jpg?resize=300%2C300&amp;ssl=1 300w, https:\/\/i0.wp.com\/geotyc.com\/wp-content\/uploads\/2023\/07\/Grecia.jpg?resize=150%2C150&amp;ssl=1 150w\" sizes=\"(max-width: 526px) 100vw, 526px\" \/>\t\t\t\t\t\t\t\t\t\t\t\t\t<\/div>\n\t\t\t\t<\/div>\n\t\t\t\t<\/div>\n\t\t<div class=\"elementor-element elementor-element-f6e0430 e-con-full e-flex elementor-invisible e-con e-child\" data-id=\"f6e0430\" data-element_type=\"container\" data-settings=\"{&quot;animation&quot;:&quot;fadeInLeft&quot;}\">\n\t\t\t\t<div class=\"elementor-element elementor-element-fa445fc elementor-widget elementor-widget-heading\" data-id=\"fa445fc\" data-element_type=\"widget\" data-widget_type=\"heading.default\">\n\t\t\t\t<div class=\"elementor-widget-container\">\n\t\t\t<h2 class=\"elementor-heading-title elementor-size-default\">\u00bfCual es su objetivo?<\/h2>\t\t<\/div>\n\t\t\t\t<\/div>\n\t\t\t\t<div class=\"elementor-element elementor-element-8fb77ab elementor-widget elementor-widget-text-editor\" data-id=\"8fb77ab\" data-element_type=\"widget\" data-widget_type=\"text-editor.default\">\n\t\t\t\t<div class=\"elementor-widget-container\">\n\t\t\t\t\t\t\t<p><span class=\"selectable-text copyable-text\">Los estudios de suelos se llevan a cabo con el objetivo de obtener datos precisos y confiables sobre el suelo, que son necesarios para diversos fines. En el campo de la ingenier\u00eda civil y la arquitectura, estos estudios son fundamentales para el dise\u00f1o y la construcci\u00f3n de infraestructuras, como edificios, carreteras, puentes y presas. <\/span><\/p><p><span class=\"selectable-text copyable-text\">En resumen, el objetivo de los estudios de suelos es proporcionar informaci\u00f3n precisa sobre las propiedades y caracter\u00edsticas del suelo para diversos fines, como el dise\u00f1o y la construcci\u00f3n de infraestructuras, la planificaci\u00f3n agr\u00edcola y la evaluaci\u00f3n ambiental. Estos estudios permiten tomar decisiones informadas y adecuadas, asegurando la eficiencia, la seguridad y la sostenibilidad en diferentes actividades relacionadas con el suelo.<\/span><\/p>\t\t\t\t\t\t<\/div>\n\t\t\t\t<\/div>\n\t\t\t\t<\/div>\n\t\t<div class=\"elementor-element elementor-element-87f6947 e-con-full e-flex elementor-invisible e-con e-child\" data-id=\"87f6947\" data-element_type=\"container\" data-settings=\"{&quot;animation&quot;:&quot;fadeInRight&quot;}\">\n\t\t\t\t<div class=\"elementor-element elementor-element-3929a9e elementor-hidden-mobile elementor-widget elementor-widget-image\" data-id=\"3929a9e\" data-element_type=\"widget\" data-widget_type=\"image.default\">\n\t\t\t\t<div class=\"elementor-widget-container\">\n\t\t\t\t\t\t\t\t\t\t\t\t\t<img decoding=\"async\" width=\"526\" height=\"526\" src=\"https:\/\/i0.wp.com\/geotyc.com\/wp-content\/uploads\/2023\/07\/Grecia.jpg?fit=526%2C526&amp;ssl=1\" class=\"attachment-large size-large wp-image-1627\" alt=\"\" srcset=\"https:\/\/i0.wp.com\/geotyc.com\/wp-content\/uploads\/2023\/07\/Grecia.jpg?w=526&amp;ssl=1 526w, https:\/\/i0.wp.com\/geotyc.com\/wp-content\/uploads\/2023\/07\/Grecia.jpg?resize=300%2C300&amp;ssl=1 300w, https:\/\/i0.wp.com\/geotyc.com\/wp-content\/uploads\/2023\/07\/Grecia.jpg?resize=150%2C150&amp;ssl=1 150w\" sizes=\"(max-width: 526px) 100vw, 526px\" \/>\t\t\t\t\t\t\t\t\t\t\t\t\t<\/div>\n\t\t\t\t<\/div>\n\t\t\t\t<\/div>\n\t\t\t\t\t<\/div>\n\t\t\t\t<\/div>\n\t\t\t\t<\/div>\n\t\t","protected":false},"excerpt":{"rendered":"<p>Estudios de suelos Cotizar un trabajo \u00bfQu\u00e9 son los estudios de suelos? Los estudios de suelos son investigaciones y an\u00e1lisis que se realizan para comprender las caracter\u00edsticas y propiedades del suelo en un \u00e1rea determinada. Estos estudios proporcionan informaci\u00f3n detallada sobre el suelo presente en un sitio espec\u00edfico, incluyendo su composici\u00f3n, textura, estructura, capacidad de &hellip;<\/p>\n<p class=\"read-more\"> <a class=\"\" href=\"https:\/\/geotyc.com\/index.php\/spt\/\"> <span class=\"screen-reader-text\">SPT<\/span> Read More &raquo;<\/a><\/p>\n","protected":false},"author":1,"featured_media":2461,"parent":0,"menu_order":0,"comment_status":"closed","ping_status":"closed","template":"","meta":{"site-sidebar-layout":"no-sidebar","site-content-layout":"page-builder","ast-global-header-display":"","ast-banner-title-visibility":"","ast-main-header-display":"","ast-hfb-above-header-display":"","ast-hfb-below-header-display":"","ast-hfb-mobile-header-display":"","site-post-title":"disabled","ast-breadcrumbs-content":"","ast-featured-img":"disabled","footer-sml-layout":"","theme-transparent-header-meta":"","adv-header-id-meta":"","stick-header-meta":"","header-above-stick-meta":"","header-main-stick-meta":"","header-below-stick-meta":"","footnotes":"","_joinchat":[]},"jetpack_sharing_enabled":true,"_links":{"self":[{"href":"https:\/\/geotyc.com\/index.php\/wp-json\/wp\/v2\/pages\/14"}],"collection":[{"href":"https:\/\/geotyc.com\/index.php\/wp-json\/wp\/v2\/pages"}],"about":[{"href":"https:\/\/geotyc.com\/index.php\/wp-json\/wp\/v2\/types\/page"}],"author":[{"embeddable":true,"href":"https:\/\/geotyc.com\/index.php\/wp-json\/wp\/v2\/users\/1"}],"replies":[{"embeddable":true,"href":"https:\/\/geotyc.com\/index.php\/wp-json\/wp\/v2\/comments?post=14"}],"version-history":[{"count":119,"href":"https:\/\/geotyc.com\/index.php\/wp-json\/wp\/v2\/pages\/14\/revisions"}],"predecessor-version":[{"id":2482,"href":"https:\/\/geotyc.com\/index.php\/wp-json\/wp\/v2\/pages\/14\/revisions\/2482"}],"wp:featuredmedia":[{"embeddable":true,"href":"https:\/\/geotyc.com\/index.php\/wp-json\/wp\/v2\/media\/2461"}],"wp:attachment":[{"href":"https:\/\/geotyc.com\/index.php\/wp-json\/wp\/v2\/media?parent=14"}],"curies":[{"name":"wp","href":"https:\/\/api.w.org\/{rel}","templated":true}]}}