{"id":12,"date":"2023-06-06T12:20:00","date_gmt":"2023-06-06T12:20:00","guid":{"rendered":"https:\/\/geotyc.com\/?page_id=12"},"modified":"2025-06-10T15:15:05","modified_gmt":"2025-06-10T15:15:05","slug":"sobre-nosotros","status":"publish","type":"page","link":"https:\/\/geotyc.com\/index.php\/sobre-nosotros\/","title":{"rendered":"Nosotros"},"content":{"rendered":"\t\t<div data-elementor-type=\"wp-page\" data-elementor-id=\"12\" class=\"elementor elementor-12\">\n\t\t\t\t<div class=\"elementor-element elementor-element-824c0d9 e-flex e-con-boxed e-con e-parent\" data-id=\"824c0d9\" data-element_type=\"container\" data-settings=\"{&quot;background_background&quot;:&quot;gradient&quot;,&quot;shape_divider_top&quot;:&quot;opacity-tilt&quot;,&quot;shape_divider_bottom&quot;:&quot;opacity-tilt&quot;,&quot;animation&quot;:&quot;none&quot;}\">\n\t\t\t\t\t<div class=\"e-con-inner\">\n\t\t\t\t<div class=\"elementor-shape elementor-shape-top\" data-negative=\"false\">\n\t\t\t<svg xmlns=\"http:\/\/www.w3.org\/2000\/svg\" viewBox=\"0 0 2600 131.1\" preserveAspectRatio=\"none\">\n\t<path class=\"elementor-shape-fill\" d=\"M0 0L2600 0 2600 69.1 0 0z\"\/>\n\t<path class=\"elementor-shape-fill\" style=\"opacity:0.5\" d=\"M0 0L2600 0 2600 69.1 0 69.1z\"\/>\n\t<path class=\"elementor-shape-fill\" style=\"opacity:0.25\" d=\"M2600 0L0 0 0 130.1 2600 69.1z\"\/>\n<\/svg>\t\t<\/div>\n\t\t\t\t<div class=\"elementor-shape elementor-shape-bottom\" data-negative=\"false\">\n\t\t\t<svg xmlns=\"http:\/\/www.w3.org\/2000\/svg\" viewBox=\"0 0 2600 131.1\" preserveAspectRatio=\"none\">\n\t<path class=\"elementor-shape-fill\" d=\"M0 0L2600 0 2600 69.1 0 0z\"\/>\n\t<path class=\"elementor-shape-fill\" style=\"opacity:0.5\" d=\"M0 0L2600 0 2600 69.1 0 69.1z\"\/>\n\t<path class=\"elementor-shape-fill\" style=\"opacity:0.25\" d=\"M2600 0L0 0 0 130.1 2600 69.1z\"\/>\n<\/svg>\t\t<\/div>\n\t\t\t\t<div class=\"elementor-element elementor-element-5f3b7bb elementor-widget elementor-widget-heading\" data-id=\"5f3b7bb\" data-element_type=\"widget\" data-widget_type=\"heading.default\">\n\t\t\t\t<div class=\"elementor-widget-container\">\n\t\t\t<style>\/*! elementor - v3.21.0 - 22-05-2024 *\/\n.elementor-heading-title{padding:0;margin:0;line-height:1}.elementor-widget-heading .elementor-heading-title[class*=elementor-size-]>a{color:inherit;font-size:inherit;line-height:inherit}.elementor-widget-heading .elementor-heading-title.elementor-size-small{font-size:15px}.elementor-widget-heading .elementor-heading-title.elementor-size-medium{font-size:19px}.elementor-widget-heading .elementor-heading-title.elementor-size-large{font-size:29px}.elementor-widget-heading .elementor-heading-title.elementor-size-xl{font-size:39px}.elementor-widget-heading .elementor-heading-title.elementor-size-xxl{font-size:59px}<\/style><h2 class=\"elementor-heading-title elementor-size-default\">Sobre nosotros<\/h2>\t\t<\/div>\n\t\t\t\t<\/div>\n\t\t\t\t\t<\/div>\n\t\t\t\t<\/div>\n\t\t<div class=\"elementor-element elementor-element-49cca51 e-flex e-con-boxed e-con e-parent\" data-id=\"49cca51\" data-element_type=\"container\">\n\t\t\t\t\t<div class=\"e-con-inner\">\n\t\t<div class=\"elementor-element elementor-element-44336e2 e-con-full e-flex elementor-invisible e-con e-child\" data-id=\"44336e2\" data-element_type=\"container\" data-settings=\"{&quot;animation&quot;:&quot;fadeInUp&quot;}\">\n\t\t\t\t<div class=\"elementor-element elementor-element-f4a56d0 elementor-invisible elementor-widget elementor-widget-text-editor\" data-id=\"f4a56d0\" data-element_type=\"widget\" data-settings=\"{&quot;_animation_mobile&quot;:&quot;fadeIn&quot;,&quot;_animation&quot;:&quot;fadeInUp&quot;}\" data-widget_type=\"text-editor.default\">\n\t\t\t\t<div class=\"elementor-widget-container\">\n\t\t\t<style>\/*! elementor - v3.21.0 - 22-05-2024 *\/\n.elementor-widget-text-editor.elementor-drop-cap-view-stacked .elementor-drop-cap{background-color:#69727d;color:#fff}.elementor-widget-text-editor.elementor-drop-cap-view-framed .elementor-drop-cap{color:#69727d;border:3px solid;background-color:transparent}.elementor-widget-text-editor:not(.elementor-drop-cap-view-default) .elementor-drop-cap{margin-top:8px}.elementor-widget-text-editor:not(.elementor-drop-cap-view-default) .elementor-drop-cap-letter{width:1em;height:1em}.elementor-widget-text-editor .elementor-drop-cap{float:left;text-align:center;line-height:1;font-size:50px}.elementor-widget-text-editor .elementor-drop-cap-letter{display:inline-block}<\/style>\t\t\t\t<p>GeoServicios y Soluciones T\u00e9cnicas es una empresa especializada en estudios de suelos, perforaciones con m\u00e1quinas de saca n\u00facleos y la aplicaci\u00f3n de pintura en techos. Adem\u00e1s, ofrecemos servicios de alquiler de maquinaria para inyecci\u00f3n de lechada, brindando soluciones t\u00e9cnicas y eficientes para proyectos de construcci\u00f3n y mantenimiento. Con un equipo profesional y tecnolog\u00eda de vanguardia, garantizamos resultados precisos y de alta calidad en cada uno de nuestros servicios, asegurando la satisfacci\u00f3n total de nuestros\u00a0clientes.<\/p>\t\t\t\t\t\t<\/div>\n\t\t\t\t<\/div>\n\t\t\t\t<div class=\"elementor-element elementor-element-2ec0404 elementor-widget-mobile__width-inherit elementor-invisible elementor-widget elementor-widget-heading\" data-id=\"2ec0404\" data-element_type=\"widget\" data-settings=\"{&quot;_animation_mobile&quot;:&quot;fadeIn&quot;,&quot;_animation&quot;:&quot;fadeInUp&quot;}\" data-widget_type=\"heading.default\">\n\t\t\t\t<div class=\"elementor-widget-container\">\n\t\t\t<h2 class=\"elementor-heading-title elementor-size-default\">\u00bfQuienes somos?<\/h2>\t\t<\/div>\n\t\t\t\t<\/div>\n\t\t\t\t<\/div>\n\t\t<div class=\"elementor-element elementor-element-6126d72 e-con-full e-flex e-con e-child\" data-id=\"6126d72\" data-element_type=\"container\">\n\t\t\t\t<div class=\"elementor-element elementor-element-0fc4967 elementor-widget__width-initial elementor-invisible elementor-widget elementor-widget-image\" data-id=\"0fc4967\" data-element_type=\"widget\" data-settings=\"{&quot;_animation_mobile&quot;:&quot;fadeInLeft&quot;,&quot;_animation&quot;:&quot;fadeInRight&quot;}\" data-widget_type=\"image.default\">\n\t\t\t\t<div class=\"elementor-widget-container\">\n\t\t\t<style>\/*! elementor - v3.21.0 - 22-05-2024 *\/\n.elementor-widget-image{text-align:center}.elementor-widget-image a{display:inline-block}.elementor-widget-image a img[src$=\".svg\"]{width:48px}.elementor-widget-image img{vertical-align:middle;display:inline-block}<\/style>\t\t\t\t\t\t\t\t\t\t<img fetchpriority=\"high\" decoding=\"async\" width=\"565\" height=\"628\" src=\"https:\/\/i0.wp.com\/geotyc.com\/wp-content\/uploads\/2023\/06\/Imagen2.png?fit=565%2C628&amp;ssl=1\" class=\"attachment-large size-large wp-image-786\" alt=\"\" srcset=\"https:\/\/i0.wp.com\/geotyc.com\/wp-content\/uploads\/2023\/06\/Imagen2.png?w=565&amp;ssl=1 565w, https:\/\/i0.wp.com\/geotyc.com\/wp-content\/uploads\/2023\/06\/Imagen2.png?resize=270%2C300&amp;ssl=1 270w\" sizes=\"(max-width: 565px) 100vw, 565px\" \/>\t\t\t\t\t\t\t\t\t\t\t\t\t<\/div>\n\t\t\t\t<\/div>\n\t\t\t\t<\/div>\n\t\t<div class=\"elementor-element elementor-element-4b1388c e-con-full e-flex e-con e-child\" data-id=\"4b1388c\" data-element_type=\"container\">\n\t\t\t\t<div class=\"elementor-element elementor-element-cdb34cd elementor-invisible elementor-widget elementor-widget-image\" data-id=\"cdb34cd\" data-element_type=\"widget\" data-settings=\"{&quot;_animation_mobile&quot;:&quot;slideInUp&quot;,&quot;_animation&quot;:&quot;fadeInLeft&quot;}\" data-widget_type=\"image.default\">\n\t\t\t\t<div class=\"elementor-widget-container\">\n\t\t\t\t\t\t\t\t\t\t\t\t\t<img decoding=\"async\" width=\"816\" height=\"1024\" src=\"https:\/\/i0.wp.com\/geotyc.com\/wp-content\/uploads\/2023\/06\/5.jpg?fit=816%2C1024&amp;ssl=1\" class=\"attachment-large size-large wp-image-635\" alt=\"\" srcset=\"https:\/\/i0.wp.com\/geotyc.com\/wp-content\/uploads\/2023\/06\/5.jpg?w=1020&amp;ssl=1 1020w, https:\/\/i0.wp.com\/geotyc.com\/wp-content\/uploads\/2023\/06\/5.jpg?resize=239%2C300&amp;ssl=1 239w, https:\/\/i0.wp.com\/geotyc.com\/wp-content\/uploads\/2023\/06\/5.jpg?resize=816%2C1024&amp;ssl=1 816w, https:\/\/i0.wp.com\/geotyc.com\/wp-content\/uploads\/2023\/06\/5.jpg?resize=768%2C964&amp;ssl=1 768w\" sizes=\"(max-width: 816px) 100vw, 816px\" \/>\t\t\t\t\t\t\t\t\t\t\t\t\t<\/div>\n\t\t\t\t<\/div>\n\t\t\t\t<\/div>\n\t\t<div class=\"elementor-element elementor-element-3f2e2a3 e-con-full e-flex e-con e-child\" data-id=\"3f2e2a3\" data-element_type=\"container\">\n\t\t\t\t<div class=\"elementor-element elementor-element-e07e6c7 elementor-invisible elementor-widget elementor-widget-text-editor\" data-id=\"e07e6c7\" data-element_type=\"widget\" data-settings=\"{&quot;_animation_mobile&quot;:&quot;fadeIn&quot;,&quot;_animation&quot;:&quot;fadeInRight&quot;}\" data-widget_type=\"text-editor.default\">\n\t\t\t\t<div class=\"elementor-widget-container\">\n\t\t\t\t\t\t\t<p>El estudio de suelos es fundamental para comprender y gestionar adecuadamente este recurso geoambiental. En nuestra empresa, reconocemos la importancia de analizar las relaciones entre la sociedad y el suelo, con el objetivo de lograr una gesti\u00f3n \u00f3ptima de los proyectos de desarrollo y garantizar su sostenibilidad.<\/p><p>Nuestros expertos en estudios de suelos se enfocan en evaluar las caracter\u00edsticas y propiedades del suelo, incluyendo su capacidad de carga, permeabilidad, composici\u00f3n y otros factores relevantes. Utilizando las normativas ambientales internacionales como gu\u00eda, nos aseguramos de que nuestros estudios cumplan con los est\u00e1ndares de calidad y contribuyan a la prevenci\u00f3n de riesgos inherentes, como sismicidad, deslizamientos, inundaciones o filtraciones.<\/p>\t\t\t\t\t\t<\/div>\n\t\t\t\t<\/div>\n\t\t<div class=\"elementor-element elementor-element-07b2831 e-con-full elementor-hidden-desktop elementor-hidden-tablet e-flex elementor-invisible e-con e-child\" data-id=\"07b2831\" data-element_type=\"container\" data-settings=\"{&quot;animation&quot;:&quot;fadeInRight&quot;}\">\n\t\t\t\t<div class=\"elementor-element elementor-element-358e0a6 elementor-widget-mobile__width-auto elementor-widget elementor-widget-image\" data-id=\"358e0a6\" data-element_type=\"widget\" data-settings=\"{&quot;_animation_mobile&quot;:&quot;fadeInUp&quot;}\" data-widget_type=\"image.default\">\n\t\t\t\t<div class=\"elementor-widget-container\">\n\t\t\t\t\t\t\t\t\t\t\t\t\t<img decoding=\"async\" width=\"1024\" height=\"1024\" src=\"https:\/\/i0.wp.com\/geotyc.com\/wp-content\/uploads\/2023\/06\/9.jpg?fit=1024%2C1024&amp;ssl=1\" class=\"attachment-large size-large wp-image-639\" alt=\"\" srcset=\"https:\/\/i0.wp.com\/geotyc.com\/wp-content\/uploads\/2023\/06\/9.jpg?w=1440&amp;ssl=1 1440w, https:\/\/i0.wp.com\/geotyc.com\/wp-content\/uploads\/2023\/06\/9.jpg?resize=300%2C300&amp;ssl=1 300w, https:\/\/i0.wp.com\/geotyc.com\/wp-content\/uploads\/2023\/06\/9.jpg?resize=1024%2C1024&amp;ssl=1 1024w, https:\/\/i0.wp.com\/geotyc.com\/wp-content\/uploads\/2023\/06\/9.jpg?resize=150%2C150&amp;ssl=1 150w, https:\/\/i0.wp.com\/geotyc.com\/wp-content\/uploads\/2023\/06\/9.jpg?resize=768%2C768&amp;ssl=1 768w\" sizes=\"(max-width: 1000px) 100vw, 1000px\" \/>\t\t\t\t\t\t\t\t\t\t\t\t\t<\/div>\n\t\t\t\t<\/div>\n\t\t\t\t<\/div>\n\t\t\t\t<\/div>\n\t\t\t\t\t<\/div>\n\t\t\t\t<\/div>\n\t\t<div class=\"elementor-element elementor-element-0c4bf35 e-flex e-con-boxed e-con e-parent\" data-id=\"0c4bf35\" data-element_type=\"container\">\n\t\t\t\t\t<div class=\"e-con-inner\">\n\t\t<div class=\"elementor-element elementor-element-bca0516 e-con-full e-flex e-con e-child\" data-id=\"bca0516\" data-element_type=\"container\" data-settings=\"{&quot;animation&quot;:&quot;none&quot;}\">\n\t\t\t\t<div class=\"elementor-element elementor-element-d69be50 elementor-widget elementor-widget-text-editor\" data-id=\"d69be50\" data-element_type=\"widget\" data-settings=\"{&quot;_animation_mobile&quot;:&quot;fadeIn&quot;}\" data-widget_type=\"text-editor.default\">\n\t\t\t\t<div class=\"elementor-widget-container\">\n\t\t\t\t\t\t\t<p>Al elegir a GeoServicios y Soluciones T\u00e9cnicas , se beneficiar\u00e1 de nuestra experiencia y conocimientos especializados, lo que asegura evaluaciones precisas y recomendaciones adecuadas. Nos enfocamos en la seguridad y la prevenci\u00f3n de riesgos, lo que nos permite identificar y abordar problemas potenciales en el terreno de manera proactiva.<\/p><p>Nuestra capacidad para optimizar el dise\u00f1o y la construcci\u00f3n, cumplir con las regulaciones y normativas, y proporcionar resultados confiables, contribuye a proyectos eficientes, legales y exitosos.<\/p>\t\t\t\t\t\t<\/div>\n\t\t\t\t<\/div>\n\t\t\t\t<div class=\"elementor-element elementor-element-ccdc909 elementor-widget__width-initial elementor-widget-mobile__width-initial elementor-invisible elementor-widget elementor-widget-image\" data-id=\"ccdc909\" data-element_type=\"widget\" data-settings=\"{&quot;_animation_mobile&quot;:&quot;fadeInRight&quot;,&quot;_animation&quot;:&quot;fadeInLeft&quot;}\" data-widget_type=\"image.default\">\n\t\t\t\t<div class=\"elementor-widget-container\">\n\t\t\t\t\t\t\t\t\t\t\t\t\t<img fetchpriority=\"high\" decoding=\"async\" width=\"565\" height=\"628\" src=\"https:\/\/i0.wp.com\/geotyc.com\/wp-content\/uploads\/2023\/06\/Imagen2.png?fit=565%2C628&amp;ssl=1\" class=\"attachment-large size-large wp-image-786\" alt=\"\" srcset=\"https:\/\/i0.wp.com\/geotyc.com\/wp-content\/uploads\/2023\/06\/Imagen2.png?w=565&amp;ssl=1 565w, https:\/\/i0.wp.com\/geotyc.com\/wp-content\/uploads\/2023\/06\/Imagen2.png?resize=270%2C300&amp;ssl=1 270w\" sizes=\"(max-width: 565px) 100vw, 565px\" \/>\t\t\t\t\t\t\t\t\t\t\t\t\t<\/div>\n\t\t\t\t<\/div>\n\t\t\t\t<div class=\"elementor-element elementor-element-6790ecb elementor-widget elementor-widget-heading\" data-id=\"6790ecb\" data-element_type=\"widget\" data-settings=\"{&quot;_animation_mobile&quot;:&quot;fadeIn&quot;}\" data-widget_type=\"heading.default\">\n\t\t\t\t<div class=\"elementor-widget-container\">\n\t\t\t<h2 class=\"elementor-heading-title elementor-size-default\">Confianza<\/h2>\t\t<\/div>\n\t\t\t\t<\/div>\n\t\t\t\t<\/div>\n\t\t<div class=\"elementor-element elementor-element-61d8642 e-con-full elementor-hidden-mobile e-flex elementor-invisible e-con e-child\" data-id=\"61d8642\" data-element_type=\"container\" data-settings=\"{&quot;animation&quot;:&quot;fadeInRight&quot;}\">\n\t\t\t\t<div class=\"elementor-element elementor-element-47c5155 elementor-widget elementor-widget-image\" data-id=\"47c5155\" data-element_type=\"widget\" data-settings=\"{&quot;_animation_mobile&quot;:&quot;fadeInUp&quot;}\" data-widget_type=\"image.default\">\n\t\t\t\t<div class=\"elementor-widget-container\">\n\t\t\t\t\t\t\t\t\t\t\t\t\t<img decoding=\"async\" width=\"1024\" height=\"1024\" src=\"https:\/\/i0.wp.com\/geotyc.com\/wp-content\/uploads\/2023\/06\/9.jpg?fit=1024%2C1024&amp;ssl=1\" class=\"attachment-large size-large wp-image-639\" alt=\"\" srcset=\"https:\/\/i0.wp.com\/geotyc.com\/wp-content\/uploads\/2023\/06\/9.jpg?w=1440&amp;ssl=1 1440w, https:\/\/i0.wp.com\/geotyc.com\/wp-content\/uploads\/2023\/06\/9.jpg?resize=300%2C300&amp;ssl=1 300w, https:\/\/i0.wp.com\/geotyc.com\/wp-content\/uploads\/2023\/06\/9.jpg?resize=1024%2C1024&amp;ssl=1 1024w, https:\/\/i0.wp.com\/geotyc.com\/wp-content\/uploads\/2023\/06\/9.jpg?resize=150%2C150&amp;ssl=1 150w, https:\/\/i0.wp.com\/geotyc.com\/wp-content\/uploads\/2023\/06\/9.jpg?resize=768%2C768&amp;ssl=1 768w\" sizes=\"(max-width: 1000px) 100vw, 1000px\" \/>\t\t\t\t\t\t\t\t\t\t\t\t\t<\/div>\n\t\t\t\t<\/div>\n\t\t\t\t<\/div>\n\t\t<div class=\"elementor-element elementor-element-f25a59f e-con-full e-flex e-con e-child\" data-id=\"f25a59f\" data-element_type=\"container\">\n\t\t\t\t<div class=\"elementor-element elementor-element-9703fab elementor-invisible elementor-widget elementor-widget-image\" data-id=\"9703fab\" data-element_type=\"widget\" data-settings=\"{&quot;_animation_mobile&quot;:&quot;slideInRight&quot;,&quot;_animation&quot;:&quot;fadeInLeft&quot;}\" data-widget_type=\"image.default\">\n\t\t\t\t<div class=\"elementor-widget-container\">\n\t\t\t\t\t\t\t\t\t\t\t\t\t<img loading=\"lazy\" decoding=\"async\" width=\"526\" height=\"526\" src=\"https:\/\/i0.wp.com\/geotyc.com\/wp-content\/uploads\/2023\/07\/Grecia.jpg?fit=526%2C526&amp;ssl=1\" class=\"attachment-large size-large wp-image-1627\" alt=\"\" srcset=\"https:\/\/i0.wp.com\/geotyc.com\/wp-content\/uploads\/2023\/07\/Grecia.jpg?w=526&amp;ssl=1 526w, https:\/\/i0.wp.com\/geotyc.com\/wp-content\/uploads\/2023\/07\/Grecia.jpg?resize=300%2C300&amp;ssl=1 300w, https:\/\/i0.wp.com\/geotyc.com\/wp-content\/uploads\/2023\/07\/Grecia.jpg?resize=150%2C150&amp;ssl=1 150w\" sizes=\"(max-width: 526px) 100vw, 526px\" \/>\t\t\t\t\t\t\t\t\t\t\t\t\t<\/div>\n\t\t\t\t<\/div>\n\t\t\t\t<\/div>\n\t\t<div class=\"elementor-element elementor-element-7aa9c95 e-con-full e-flex e-con e-child\" data-id=\"7aa9c95\" data-element_type=\"container\">\n\t\t\t\t<div class=\"elementor-element elementor-element-b18f7b6 elementor-invisible elementor-widget elementor-widget-image\" data-id=\"b18f7b6\" data-element_type=\"widget\" data-settings=\"{&quot;_animation_mobile&quot;:&quot;fadeInRight&quot;,&quot;_animation&quot;:&quot;fadeInRight&quot;}\" data-widget_type=\"image.default\">\n\t\t\t\t<div class=\"elementor-widget-container\">\n\t\t\t\t\t\t\t\t\t\t\t\t\t<img fetchpriority=\"high\" decoding=\"async\" width=\"565\" height=\"628\" src=\"https:\/\/i0.wp.com\/geotyc.com\/wp-content\/uploads\/2023\/06\/Imagen2.png?fit=565%2C628&amp;ssl=1\" class=\"attachment-large size-large wp-image-786\" alt=\"\" srcset=\"https:\/\/i0.wp.com\/geotyc.com\/wp-content\/uploads\/2023\/06\/Imagen2.png?w=565&amp;ssl=1 565w, https:\/\/i0.wp.com\/geotyc.com\/wp-content\/uploads\/2023\/06\/Imagen2.png?resize=270%2C300&amp;ssl=1 270w\" sizes=\"(max-width: 565px) 100vw, 565px\" \/>\t\t\t\t\t\t\t\t\t\t\t\t\t<\/div>\n\t\t\t\t<\/div>\n\t\t\t\t<div class=\"elementor-element elementor-element-ef8305c elementor-invisible elementor-widget elementor-widget-heading\" data-id=\"ef8305c\" data-element_type=\"widget\" data-settings=\"{&quot;_animation_mobile&quot;:&quot;fadeIn&quot;,&quot;_animation&quot;:&quot;fadeInUp&quot;}\" data-widget_type=\"heading.default\">\n\t\t\t\t<div class=\"elementor-widget-container\">\n\t\t\t<h2 class=\"elementor-heading-title elementor-size-default\">Objetivo<\/h2>\t\t<\/div>\n\t\t\t\t<\/div>\n\t\t\t\t<div class=\"elementor-element elementor-element-e156f40 elementor-invisible elementor-widget elementor-widget-text-editor\" data-id=\"e156f40\" data-element_type=\"widget\" data-settings=\"{&quot;_animation_mobile&quot;:&quot;fadeIn&quot;,&quot;_animation&quot;:&quot;fadeInUp&quot;}\" data-widget_type=\"text-editor.default\">\n\t\t\t\t<div class=\"elementor-widget-container\">\n\t\t\t\t\t\t\t<p>Tenemos el objetivo de contribuir al desarrollo sostenible y seguro de proyectos de construcci\u00f3n e infraestructura, poniendo \u00e9nfasis en la protecci\u00f3n del medio ambiente y la prevenci\u00f3n de riesgos. Nos preocupamos por la seguridad de las personas y las propiedades, y trabajamos en estrecha colaboraci\u00f3n con nuestros clientes para garantizar que se cumplan los est\u00e1ndares de calidad y seguridad m\u00e1s altos.<\/p>\t\t\t\t\t\t<\/div>\n\t\t\t\t<\/div>\n\t\t\t\t<\/div>\n\t\t\t\t\t<\/div>\n\t\t\t\t<\/div>\n\t\t<div class=\"elementor-element elementor-element-4b34533 e-flex e-con-boxed e-con e-parent\" data-id=\"4b34533\" data-element_type=\"container\">\n\t\t\t\t\t<div class=\"e-con-inner\">\n\t\t<div class=\"elementor-element elementor-element-40ce9e6 e-con-full e-flex e-con e-child\" data-id=\"40ce9e6\" data-element_type=\"container\">\n\t\t\t\t<div class=\"elementor-element elementor-element-5e34709 elementor-hidden-desktop elementor-hidden-tablet elementor-invisible elementor-widget elementor-widget-image\" data-id=\"5e34709\" data-element_type=\"widget\" data-settings=\"{&quot;_animation_mobile&quot;:&quot;fadeInUp&quot;,&quot;_animation&quot;:&quot;fadeInLeft&quot;}\" data-widget_type=\"image.default\">\n\t\t\t\t<div class=\"elementor-widget-container\">\n\t\t\t\t\t\t\t\t\t\t\t\t\t<img loading=\"lazy\" decoding=\"async\" width=\"526\" height=\"526\" src=\"https:\/\/i0.wp.com\/geotyc.com\/wp-content\/uploads\/2023\/06\/P.jpg?fit=526%2C526&amp;ssl=1\" class=\"attachment-large size-large wp-image-616\" alt=\"\" srcset=\"https:\/\/i0.wp.com\/geotyc.com\/wp-content\/uploads\/2023\/06\/P.jpg?w=526&amp;ssl=1 526w, https:\/\/i0.wp.com\/geotyc.com\/wp-content\/uploads\/2023\/06\/P.jpg?resize=300%2C300&amp;ssl=1 300w, https:\/\/i0.wp.com\/geotyc.com\/wp-content\/uploads\/2023\/06\/P.jpg?resize=150%2C150&amp;ssl=1 150w\" sizes=\"(max-width: 526px) 100vw, 526px\" \/>\t\t\t\t\t\t\t\t\t\t\t\t\t<\/div>\n\t\t\t\t<\/div>\n\t\t\t\t<div class=\"elementor-element elementor-element-0866a01 elementor-widget__width-initial elementor-widget-tablet__width-initial elementor-invisible elementor-widget elementor-widget-heading\" data-id=\"0866a01\" data-element_type=\"widget\" data-settings=\"{&quot;_animation_mobile&quot;:&quot;fadeIn&quot;,&quot;_animation&quot;:&quot;fadeInLeft&quot;}\" data-widget_type=\"heading.default\">\n\t\t\t\t<div class=\"elementor-widget-container\">\n\t\t\t<h2 class=\"elementor-heading-title elementor-size-default\">\u00bfQu\u00e9 distingue a nuestros servicios?<\/h2>\t\t<\/div>\n\t\t\t\t<\/div>\n\t\t\t\t<div class=\"elementor-element elementor-element-b361d4b elementor-invisible elementor-widget elementor-widget-image\" data-id=\"b361d4b\" data-element_type=\"widget\" data-settings=\"{&quot;_animation_mobile&quot;:&quot;fadeInLeft&quot;,&quot;_animation&quot;:&quot;fadeInLeft&quot;}\" data-widget_type=\"image.default\">\n\t\t\t\t<div class=\"elementor-widget-container\">\n\t\t\t\t\t\t\t\t\t\t\t\t\t<img fetchpriority=\"high\" decoding=\"async\" width=\"565\" height=\"628\" src=\"https:\/\/i0.wp.com\/geotyc.com\/wp-content\/uploads\/2023\/06\/Imagen2.png?fit=565%2C628&amp;ssl=1\" class=\"attachment-large size-large wp-image-786\" alt=\"\" srcset=\"https:\/\/i0.wp.com\/geotyc.com\/wp-content\/uploads\/2023\/06\/Imagen2.png?w=565&amp;ssl=1 565w, https:\/\/i0.wp.com\/geotyc.com\/wp-content\/uploads\/2023\/06\/Imagen2.png?resize=270%2C300&amp;ssl=1 270w\" sizes=\"(max-width: 565px) 100vw, 565px\" \/>\t\t\t\t\t\t\t\t\t\t\t\t\t<\/div>\n\t\t\t\t<\/div>\n\t\t\t\t<div class=\"elementor-element elementor-element-5769cd9 elementor-invisible elementor-widget elementor-widget-text-editor\" data-id=\"5769cd9\" data-element_type=\"widget\" data-settings=\"{&quot;_animation_mobile&quot;:&quot;fadeIn&quot;,&quot;_animation&quot;:&quot;fadeInUp&quot;}\" data-widget_type=\"text-editor.default\">\n\t\t\t\t<div class=\"elementor-widget-container\">\n\t\t\t\t\t\t\t<p>Nuestros servicios de estudios de suelos se destacan por brindar una excelente asesor\u00eda y garant\u00eda de cumplimiento normativo, as\u00ed como an\u00e1lisis cient\u00edfico de alto nivel y enfoque estrat\u00e9gico. Nos preocupamos por la gesti\u00f3n eficiente y sostenible de los recursos geoambientales relacionados con el suelo, asegurandon la prevenci\u00f3n de riesgos y el cumplimiento de los est\u00e1ndares vigentes para promover su competitividad y reputaci\u00f3n como una empresa comprometida conl a sostenibilidad.<\/p>\t\t\t\t\t\t<\/div>\n\t\t\t\t<\/div>\n\t\t\t\t<\/div>\n\t\t<div class=\"elementor-element elementor-element-2f6267f e-con-full e-flex e-con e-child\" data-id=\"2f6267f\" data-element_type=\"container\">\n\t\t\t\t<div class=\"elementor-element elementor-element-47b5ee1 elementor-hidden-mobile elementor-invisible elementor-widget elementor-widget-image\" data-id=\"47b5ee1\" data-element_type=\"widget\" data-settings=\"{&quot;_animation_mobile&quot;:&quot;fadeInUp&quot;,&quot;_animation&quot;:&quot;fadeInLeft&quot;}\" data-widget_type=\"image.default\">\n\t\t\t\t<div class=\"elementor-widget-container\">\n\t\t\t\t\t\t\t\t\t\t\t\t\t<img loading=\"lazy\" decoding=\"async\" width=\"526\" height=\"526\" src=\"https:\/\/i0.wp.com\/geotyc.com\/wp-content\/uploads\/2023\/06\/P.jpg?fit=526%2C526&amp;ssl=1\" class=\"attachment-large size-large wp-image-616\" alt=\"\" srcset=\"https:\/\/i0.wp.com\/geotyc.com\/wp-content\/uploads\/2023\/06\/P.jpg?w=526&amp;ssl=1 526w, https:\/\/i0.wp.com\/geotyc.com\/wp-content\/uploads\/2023\/06\/P.jpg?resize=300%2C300&amp;ssl=1 300w, https:\/\/i0.wp.com\/geotyc.com\/wp-content\/uploads\/2023\/06\/P.jpg?resize=150%2C150&amp;ssl=1 150w\" sizes=\"(max-width: 526px) 100vw, 526px\" \/>\t\t\t\t\t\t\t\t\t\t\t\t\t<\/div>\n\t\t\t\t<\/div>\n\t\t\t\t<\/div>\n\t\t\t\t\t<\/div>\n\t\t\t\t<\/div>\n\t\t\t\t<\/div>\n\t\t","protected":false},"excerpt":{"rendered":"<p>Sobre nosotros GeoServicios y Soluciones T\u00e9cnicas es una empresa especializada en estudios de suelos, perforaciones con m\u00e1quinas de saca n\u00facleos y la aplicaci\u00f3n de pintura en techos. Adem\u00e1s, ofrecemos servicios de alquiler de maquinaria para inyecci\u00f3n de lechada, brindando soluciones t\u00e9cnicas y eficientes para proyectos de construcci\u00f3n y mantenimiento. Con un equipo profesional y tecnolog\u00eda &hellip;<\/p>\n<p class=\"read-more\"> <a class=\"\" href=\"https:\/\/geotyc.com\/index.php\/sobre-nosotros\/\"> <span class=\"screen-reader-text\">Nosotros<\/span> Read More &raquo;<\/a><\/p>\n","protected":false},"author":1,"featured_media":2461,"parent":0,"menu_order":0,"comment_status":"closed","ping_status":"closed","template":"","meta":{"site-sidebar-layout":"no-sidebar","site-content-layout":"page-builder","ast-global-header-display":"","ast-banner-title-visibility":"","ast-main-header-display":"","ast-hfb-above-header-display":"","ast-hfb-below-header-display":"","ast-hfb-mobile-header-display":"","site-post-title":"disabled","ast-breadcrumbs-content":"","ast-featured-img":"disabled","footer-sml-layout":"","theme-transparent-header-meta":"","adv-header-id-meta":"","stick-header-meta":"","header-above-stick-meta":"","header-main-stick-meta":"","header-below-stick-meta":"","footnotes":"","_joinchat":[]},"jetpack_sharing_enabled":true,"_links":{"self":[{"href":"https:\/\/geotyc.com\/index.php\/wp-json\/wp\/v2\/pages\/12"}],"collection":[{"href":"https:\/\/geotyc.com\/index.php\/wp-json\/wp\/v2\/pages"}],"about":[{"href":"https:\/\/geotyc.com\/index.php\/wp-json\/wp\/v2\/types\/page"}],"author":[{"embeddable":true,"href":"https:\/\/geotyc.com\/index.php\/wp-json\/wp\/v2\/users\/1"}],"replies":[{"embeddable":true,"href":"https:\/\/geotyc.com\/index.php\/wp-json\/wp\/v2\/comments?post=12"}],"version-history":[{"count":209,"href":"https:\/\/geotyc.com\/index.php\/wp-json\/wp\/v2\/pages\/12\/revisions"}],"predecessor-version":[{"id":2486,"href":"https:\/\/geotyc.com\/index.php\/wp-json\/wp\/v2\/pages\/12\/revisions\/2486"}],"wp:featuredmedia":[{"embeddable":true,"href":"https:\/\/geotyc.com\/index.php\/wp-json\/wp\/v2\/media\/2461"}],"wp:attachment":[{"href":"https:\/\/geotyc.com\/index.php\/wp-json\/wp\/v2\/media?parent=12"}],"curies":[{"name":"wp","href":"https:\/\/api.w.org\/{rel}","templated":true}]}}